{"id":2675,"date":"2021-07-21T09:46:27","date_gmt":"2021-07-21T07:46:27","guid":{"rendered":"https:\/\/www.energiency.com\/?page_id=2675"},"modified":"2023-12-04T12:10:12","modified_gmt":"2023-12-04T11:10:12","slug":"logiciel-pilotage-energetique","status":"publish","type":"page","link":"https:\/\/www.energiency.com\/fr\/offre-efficacite-energetique-industrie\/logiciel-pilotage-energetique\/","title":{"rendered":"Logiciel"},"content":{"rendered":"","protected":false},"excerpt":{"rendered":"","protected":false},"author":6,"featured_media":3151,"parent":2279,"menu_order":0,"comment_status":"closed","ping_status":"closed","template":"","meta":{"_acf_changed":false,"footnotes":""},"class_list":["post-2675","page","type-page","status-publish","has-post-thumbnail","hentry"],"acf":[],"yoast_head":"<!-- This site is optimized with the Yoast SEO plugin v24.3 - https:\/\/yoast.com\/wordpress\/plugins\/seo\/ -->\n<title>Logiciel IA de performance \u00e9nerg\u00e9tique pour la d\u00e9carbonation industrielle 4.0<\/title>\n<meta name=\"description\" content=\"Passez \u00e0 la vitesse sup\u00e9rieure dans votre transformation digitale industrielle en impl\u00e9mentant notre logiciel de performance \u00e9nerg\u00e9tique alliant IA et IH !\" \/>\n<meta name=\"robots\" content=\"index, follow, max-snippet:-1, max-image-preview:large, max-video-preview:-1\" \/>\n<link rel=\"canonical\" href=\"https:\/\/www.energiency.com\/fr\/offre-efficacite-energetique-industrie\/logiciel-pilotage-energetique\/\" \/>\n<meta property=\"og:locale\" content=\"fr_FR\" \/>\n<meta property=\"og:type\" content=\"article\" \/>\n<meta property=\"og:title\" content=\"Logiciel IA de performance \u00e9nerg\u00e9tique pour la d\u00e9carbonation industrielle 4.0\" \/>\n<meta property=\"og:description\" content=\"Passez \u00e0 la vitesse sup\u00e9rieure dans votre transformation digitale industrielle en impl\u00e9mentant notre logiciel de performance \u00e9nerg\u00e9tique alliant IA et IH !\" \/>\n<meta property=\"og:url\" content=\"https:\/\/www.energiency.com\/fr\/offre-efficacite-energetique-industrie\/logiciel-pilotage-energetique\/\" \/>\n<meta property=\"og:site_name\" content=\"Energiency\" \/>\n<meta property=\"article:modified_time\" content=\"2023-12-04T11:10:12+00:00\" \/>\n<meta property=\"og:image\" content=\"https:\/\/www.energiency.com\/wp-content\/uploads\/2021\/08\/logiciel-energie-industrie-768x768.png\" \/>\n\t<meta property=\"og:image:width\" content=\"768\" \/>\n\t<meta property=\"og:image:height\" content=\"768\" \/>\n\t<meta property=\"og:image:type\" content=\"image\/png\" \/>\n<meta name=\"twitter:card\" content=\"summary_large_image\" \/>\n<script type=\"application\/ld+json\" class=\"yoast-schema-graph\">{\"@context\":\"https:\/\/schema.org\",\"@graph\":[{\"@type\":\"WebPage\",\"@id\":\"https:\/\/www.energiency.com\/fr\/offre-efficacite-energetique-industrie\/logiciel-pilotage-energetique\/\",\"url\":\"https:\/\/www.energiency.com\/fr\/offre-efficacite-energetique-industrie\/logiciel-pilotage-energetique\/\",\"name\":\"Logiciel IA de performance \u00e9nerg\u00e9tique pour la d\u00e9carbonation industrielle 4.0\",\"isPartOf\":{\"@id\":\"https:\/\/www.energiency.com\/fr\/#website\"},\"primaryImageOfPage\":{\"@id\":\"https:\/\/www.energiency.com\/fr\/offre-efficacite-energetique-industrie\/logiciel-pilotage-energetique\/#primaryimage\"},\"image\":{\"@id\":\"https:\/\/www.energiency.com\/fr\/offre-efficacite-energetique-industrie\/logiciel-pilotage-energetique\/#primaryimage\"},\"thumbnailUrl\":\"https:\/\/www.energiency.com\/wp-content\/uploads\/2021\/08\/logiciel-energie-industrie.png\",\"datePublished\":\"2021-07-21T07:46:27+00:00\",\"dateModified\":\"2023-12-04T11:10:12+00:00\",\"description\":\"Passez \u00e0 la vitesse sup\u00e9rieure dans votre transformation digitale industrielle en impl\u00e9mentant notre logiciel de performance \u00e9nerg\u00e9tique alliant IA et IH !\",\"breadcrumb\":{\"@id\":\"https:\/\/www.energiency.com\/fr\/offre-efficacite-energetique-industrie\/logiciel-pilotage-energetique\/#breadcrumb\"},\"inLanguage\":\"fr-FR\",\"potentialAction\":[{\"@type\":\"ReadAction\",\"target\":[\"https:\/\/www.energiency.com\/fr\/offre-efficacite-energetique-industrie\/logiciel-pilotage-energetique\/\"]}]},{\"@type\":\"ImageObject\",\"inLanguage\":\"fr-FR\",\"@id\":\"https:\/\/www.energiency.com\/fr\/offre-efficacite-energetique-industrie\/logiciel-pilotage-energetique\/#primaryimage\",\"url\":\"https:\/\/www.energiency.com\/wp-content\/uploads\/2021\/08\/logiciel-energie-industrie.png\",\"contentUrl\":\"https:\/\/www.energiency.com\/wp-content\/uploads\/2021\/08\/logiciel-energie-industrie.png\",\"width\":1200,\"height\":1200,\"caption\":\"Logiciel \u00e9nergie industrie\"},{\"@type\":\"BreadcrumbList\",\"@id\":\"https:\/\/www.energiency.com\/fr\/offre-efficacite-energetique-industrie\/logiciel-pilotage-energetique\/#breadcrumb\",\"itemListElement\":[{\"@type\":\"ListItem\",\"position\":1,\"name\":\"Energiency\",\"item\":\"https:\/\/www.energiency.com\/fr\/\"},{\"@type\":\"ListItem\",\"position\":2,\"name\":\"Offre\",\"item\":\"https:\/\/www.energiency.com\/fr\/offre-efficacite-energetique-industrie\/\"},{\"@type\":\"ListItem\",\"position\":3,\"name\":\"Logiciel\"}]},{\"@type\":\"WebSite\",\"@id\":\"https:\/\/www.energiency.com\/fr\/#website\",\"url\":\"https:\/\/www.energiency.com\/fr\/\",\"name\":\"Energiency\",\"description\":\"\",\"potentialAction\":[{\"@type\":\"SearchAction\",\"target\":{\"@type\":\"EntryPoint\",\"urlTemplate\":\"https:\/\/www.energiency.com\/fr\/?s={search_term_string}\"},\"query-input\":{\"@type\":\"PropertyValueSpecification\",\"valueRequired\":true,\"valueName\":\"search_term_string\"}}],\"inLanguage\":\"fr-FR\"}]}<\/script>\n<!-- \/ Yoast SEO plugin. -->","yoast_head_json":{"title":"Logiciel IA de performance \u00e9nerg\u00e9tique pour la d\u00e9carbonation industrielle 4.0","description":"Passez \u00e0 la vitesse sup\u00e9rieure dans votre transformation digitale industrielle en impl\u00e9mentant notre logiciel de performance \u00e9nerg\u00e9tique alliant IA et IH !","robots":{"index":"index","follow":"follow","max-snippet":"max-snippet:-1","max-image-preview":"max-image-preview:large","max-video-preview":"max-video-preview:-1"},"canonical":"https:\/\/www.energiency.com\/fr\/offre-efficacite-energetique-industrie\/logiciel-pilotage-energetique\/","og_locale":"fr_FR","og_type":"article","og_title":"Logiciel IA de performance \u00e9nerg\u00e9tique pour la d\u00e9carbonation industrielle 4.0","og_description":"Passez \u00e0 la vitesse sup\u00e9rieure dans votre transformation digitale industrielle en impl\u00e9mentant notre logiciel de performance \u00e9nerg\u00e9tique alliant IA et IH !","og_url":"https:\/\/www.energiency.com\/fr\/offre-efficacite-energetique-industrie\/logiciel-pilotage-energetique\/","og_site_name":"Energiency","article_modified_time":"2023-12-04T11:10:12+00:00","og_image":[{"width":768,"height":768,"url":"https:\/\/www.energiency.com\/wp-content\/uploads\/2021\/08\/logiciel-energie-industrie-768x768.png","type":"image\/png"}],"twitter_card":"summary_large_image","schema":{"@context":"https:\/\/schema.org","@graph":[{"@type":"WebPage","@id":"https:\/\/www.energiency.com\/fr\/offre-efficacite-energetique-industrie\/logiciel-pilotage-energetique\/","url":"https:\/\/www.energiency.com\/fr\/offre-efficacite-energetique-industrie\/logiciel-pilotage-energetique\/","name":"Logiciel IA de performance \u00e9nerg\u00e9tique pour la d\u00e9carbonation industrielle 4.0","isPartOf":{"@id":"https:\/\/www.energiency.com\/fr\/#website"},"primaryImageOfPage":{"@id":"https:\/\/www.energiency.com\/fr\/offre-efficacite-energetique-industrie\/logiciel-pilotage-energetique\/#primaryimage"},"image":{"@id":"https:\/\/www.energiency.com\/fr\/offre-efficacite-energetique-industrie\/logiciel-pilotage-energetique\/#primaryimage"},"thumbnailUrl":"https:\/\/www.energiency.com\/wp-content\/uploads\/2021\/08\/logiciel-energie-industrie.png","datePublished":"2021-07-21T07:46:27+00:00","dateModified":"2023-12-04T11:10:12+00:00","description":"Passez \u00e0 la vitesse sup\u00e9rieure dans votre transformation digitale industrielle en impl\u00e9mentant notre logiciel de performance \u00e9nerg\u00e9tique alliant IA et IH !","breadcrumb":{"@id":"https:\/\/www.energiency.com\/fr\/offre-efficacite-energetique-industrie\/logiciel-pilotage-energetique\/#breadcrumb"},"inLanguage":"fr-FR","potentialAction":[{"@type":"ReadAction","target":["https:\/\/www.energiency.com\/fr\/offre-efficacite-energetique-industrie\/logiciel-pilotage-energetique\/"]}]},{"@type":"ImageObject","inLanguage":"fr-FR","@id":"https:\/\/www.energiency.com\/fr\/offre-efficacite-energetique-industrie\/logiciel-pilotage-energetique\/#primaryimage","url":"https:\/\/www.energiency.com\/wp-content\/uploads\/2021\/08\/logiciel-energie-industrie.png","contentUrl":"https:\/\/www.energiency.com\/wp-content\/uploads\/2021\/08\/logiciel-energie-industrie.png","width":1200,"height":1200,"caption":"Logiciel \u00e9nergie industrie"},{"@type":"BreadcrumbList","@id":"https:\/\/www.energiency.com\/fr\/offre-efficacite-energetique-industrie\/logiciel-pilotage-energetique\/#breadcrumb","itemListElement":[{"@type":"ListItem","position":1,"name":"Energiency","item":"https:\/\/www.energiency.com\/fr\/"},{"@type":"ListItem","position":2,"name":"Offre","item":"https:\/\/www.energiency.com\/fr\/offre-efficacite-energetique-industrie\/"},{"@type":"ListItem","position":3,"name":"Logiciel"}]},{"@type":"WebSite","@id":"https:\/\/www.energiency.com\/fr\/#website","url":"https:\/\/www.energiency.com\/fr\/","name":"Energiency","description":"","potentialAction":[{"@type":"SearchAction","target":{"@type":"EntryPoint","urlTemplate":"https:\/\/www.energiency.com\/fr\/?s={search_term_string}"},"query-input":{"@type":"PropertyValueSpecification","valueRequired":true,"valueName":"search_term_string"}}],"inLanguage":"fr-FR"}]}},"_links":{"self":[{"href":"https:\/\/www.energiency.com\/fr\/wp-json\/wp\/v2\/pages\/2675","targetHints":{"allow":["GET"]}}],"collection":[{"href":"https:\/\/www.energiency.com\/fr\/wp-json\/wp\/v2\/pages"}],"about":[{"href":"https:\/\/www.energiency.com\/fr\/wp-json\/wp\/v2\/types\/page"}],"author":[{"embeddable":true,"href":"https:\/\/www.energiency.com\/fr\/wp-json\/wp\/v2\/users\/6"}],"replies":[{"embeddable":true,"href":"https:\/\/www.energiency.com\/fr\/wp-json\/wp\/v2\/comments?post=2675"}],"version-history":[{"count":0,"href":"https:\/\/www.energiency.com\/fr\/wp-json\/wp\/v2\/pages\/2675\/revisions"}],"up":[{"embeddable":true,"href":"https:\/\/www.energiency.com\/fr\/wp-json\/wp\/v2\/pages\/2279"}],"wp:featuredmedia":[{"embeddable":true,"href":"https:\/\/www.energiency.com\/fr\/wp-json\/wp\/v2\/media\/3151"}],"wp:attachment":[{"href":"https:\/\/www.energiency.com\/fr\/wp-json\/wp\/v2\/media?parent=2675"}],"curies":[{"name":"wp","href":"https:\/\/api.w.org\/{rel}","templated":true}]}}