{"id":2279,"date":"2021-07-06T10:31:22","date_gmt":"2021-07-06T08:31:22","guid":{"rendered":"https:\/\/www.energiency.com\/?page_id=2279"},"modified":"2025-07-10T10:20:08","modified_gmt":"2025-07-10T08:20:08","slug":"offre-efficacite-energetique-industrie","status":"publish","type":"page","link":"https:\/\/www.energiency.com\/fr\/offre-efficacite-energetique-industrie\/","title":{"rendered":"Offre"},"content":{"rendered":"","protected":false},"excerpt":{"rendered":"","protected":false},"author":6,"featured_media":7518,"parent":0,"menu_order":0,"comment_status":"closed","ping_status":"closed","template":"page-offres.php","meta":{"_acf_changed":false,"footnotes":""},"class_list":["post-2279","page","type-page","status-publish","has-post-thumbnail","hentry"],"acf":[],"yoast_head":"<!-- This site is optimized with the Yoast SEO plugin v24.3 - https:\/\/yoast.com\/wordpress\/plugins\/seo\/ -->\n<title>Analyse et Suivi de la Performance \u00e9nerg\u00e9tique industrielle : les outils du management de l&#039;\u00e9nergie<\/title>\n<meta name=\"description\" content=\"Nos Energy Managers et Data Scientists analysent vos donn\u00e9es pour r\u00e9duire votre consommation d&#039;\u00e9nergies et \u00e9missions CO2 : pilotez et suivez ensuite les r\u00e9sultats en temps r\u00e9el directement via notre logiciel.\" \/>\n<meta name=\"robots\" content=\"index, follow, max-snippet:-1, max-image-preview:large, max-video-preview:-1\" \/>\n<link rel=\"canonical\" href=\"https:\/\/www.energiency.com\/fr\/offre-efficacite-energetique-industrie\/\" \/>\n<meta property=\"og:locale\" content=\"fr_FR\" \/>\n<meta property=\"og:type\" content=\"article\" \/>\n<meta property=\"og:title\" content=\"Analyse et Suivi de la Performance \u00e9nerg\u00e9tique industrielle : les outils du management de l&#039;\u00e9nergie\" \/>\n<meta property=\"og:description\" content=\"Nos Energy Managers et Data Scientists analysent vos donn\u00e9es pour r\u00e9duire votre consommation d&#039;\u00e9nergies et \u00e9missions CO2 : pilotez et suivez ensuite les r\u00e9sultats en temps r\u00e9el directement via notre logiciel.\" \/>\n<meta property=\"og:url\" content=\"https:\/\/www.energiency.com\/fr\/offre-efficacite-energetique-industrie\/\" \/>\n<meta property=\"og:site_name\" content=\"Energiency\" \/>\n<meta property=\"article:modified_time\" content=\"2025-07-10T08:20:08+00:00\" \/>\n<meta property=\"og:image\" content=\"https:\/\/www.energiency.com\/wp-content\/uploads\/2025\/07\/accueil-site-web-energiency.png\" \/>\n\t<meta property=\"og:image:width\" content=\"724\" \/>\n\t<meta property=\"og:image:height\" content=\"628\" \/>\n\t<meta property=\"og:image:type\" content=\"image\/png\" \/>\n<meta name=\"twitter:card\" content=\"summary_large_image\" \/>\n<meta name=\"twitter:label1\" content=\"Dur\u00e9e de lecture estim\u00e9e\" \/>\n\t<meta name=\"twitter:data1\" content=\"1 minute\" \/>\n<script type=\"application\/ld+json\" class=\"yoast-schema-graph\">{\"@context\":\"https:\/\/schema.org\",\"@graph\":[{\"@type\":\"WebPage\",\"@id\":\"https:\/\/www.energiency.com\/fr\/offre-efficacite-energetique-industrie\/\",\"url\":\"https:\/\/www.energiency.com\/fr\/offre-efficacite-energetique-industrie\/\",\"name\":\"Analyse et Suivi de la Performance \u00e9nerg\u00e9tique industrielle : les outils du management de l'\u00e9nergie\",\"isPartOf\":{\"@id\":\"https:\/\/www.energiency.com\/fr\/#website\"},\"primaryImageOfPage\":{\"@id\":\"https:\/\/www.energiency.com\/fr\/offre-efficacite-energetique-industrie\/#primaryimage\"},\"image\":{\"@id\":\"https:\/\/www.energiency.com\/fr\/offre-efficacite-energetique-industrie\/#primaryimage\"},\"thumbnailUrl\":\"https:\/\/www.energiency.com\/wp-content\/uploads\/2025\/07\/accueil-site-web-energiency.png\",\"datePublished\":\"2021-07-06T08:31:22+00:00\",\"dateModified\":\"2025-07-10T08:20:08+00:00\",\"description\":\"Nos Energy Managers et Data Scientists analysent vos donn\u00e9es pour r\u00e9duire votre consommation d'\u00e9nergies et \u00e9missions CO2 : pilotez et suivez ensuite les r\u00e9sultats en temps r\u00e9el directement via notre logiciel.\",\"breadcrumb\":{\"@id\":\"https:\/\/www.energiency.com\/fr\/offre-efficacite-energetique-industrie\/#breadcrumb\"},\"inLanguage\":\"fr-FR\",\"potentialAction\":[{\"@type\":\"ReadAction\",\"target\":[\"https:\/\/www.energiency.com\/fr\/offre-efficacite-energetique-industrie\/\"]}]},{\"@type\":\"ImageObject\",\"inLanguage\":\"fr-FR\",\"@id\":\"https:\/\/www.energiency.com\/fr\/offre-efficacite-energetique-industrie\/#primaryimage\",\"url\":\"https:\/\/www.energiency.com\/wp-content\/uploads\/2025\/07\/accueil-site-web-energiency.png\",\"contentUrl\":\"https:\/\/www.energiency.com\/wp-content\/uploads\/2025\/07\/accueil-site-web-energiency.png\",\"width\":724,\"height\":628,\"caption\":\"Offre plateforme Energiency monitoring \u00e9nerg\u00e9tique\"},{\"@type\":\"BreadcrumbList\",\"@id\":\"https:\/\/www.energiency.com\/fr\/offre-efficacite-energetique-industrie\/#breadcrumb\",\"itemListElement\":[{\"@type\":\"ListItem\",\"position\":1,\"name\":\"Energiency\",\"item\":\"https:\/\/www.energiency.com\/fr\/\"},{\"@type\":\"ListItem\",\"position\":2,\"name\":\"Offre\"}]},{\"@type\":\"WebSite\",\"@id\":\"https:\/\/www.energiency.com\/fr\/#website\",\"url\":\"https:\/\/www.energiency.com\/fr\/\",\"name\":\"Energiency\",\"description\":\"\",\"potentialAction\":[{\"@type\":\"SearchAction\",\"target\":{\"@type\":\"EntryPoint\",\"urlTemplate\":\"https:\/\/www.energiency.com\/fr\/?s={search_term_string}\"},\"query-input\":{\"@type\":\"PropertyValueSpecification\",\"valueRequired\":true,\"valueName\":\"search_term_string\"}}],\"inLanguage\":\"fr-FR\"}]}<\/script>\n<!-- \/ Yoast SEO plugin. -->","yoast_head_json":{"title":"Analyse et Suivi de la Performance \u00e9nerg\u00e9tique industrielle : les outils du management de l'\u00e9nergie","description":"Nos Energy Managers et Data Scientists analysent vos donn\u00e9es pour r\u00e9duire votre consommation d'\u00e9nergies et \u00e9missions CO2 : pilotez et suivez ensuite les r\u00e9sultats en temps r\u00e9el directement via notre logiciel.","robots":{"index":"index","follow":"follow","max-snippet":"max-snippet:-1","max-image-preview":"max-image-preview:large","max-video-preview":"max-video-preview:-1"},"canonical":"https:\/\/www.energiency.com\/fr\/offre-efficacite-energetique-industrie\/","og_locale":"fr_FR","og_type":"article","og_title":"Analyse et Suivi de la Performance \u00e9nerg\u00e9tique industrielle : les outils du management de l'\u00e9nergie","og_description":"Nos Energy Managers et Data Scientists analysent vos donn\u00e9es pour r\u00e9duire votre consommation d'\u00e9nergies et \u00e9missions CO2 : pilotez et suivez ensuite les r\u00e9sultats en temps r\u00e9el directement via notre logiciel.","og_url":"https:\/\/www.energiency.com\/fr\/offre-efficacite-energetique-industrie\/","og_site_name":"Energiency","article_modified_time":"2025-07-10T08:20:08+00:00","og_image":[{"width":724,"height":628,"url":"https:\/\/www.energiency.com\/wp-content\/uploads\/2025\/07\/accueil-site-web-energiency.png","type":"image\/png"}],"twitter_card":"summary_large_image","twitter_misc":{"Dur\u00e9e de lecture estim\u00e9e":"1 minute"},"schema":{"@context":"https:\/\/schema.org","@graph":[{"@type":"WebPage","@id":"https:\/\/www.energiency.com\/fr\/offre-efficacite-energetique-industrie\/","url":"https:\/\/www.energiency.com\/fr\/offre-efficacite-energetique-industrie\/","name":"Analyse et Suivi de la Performance \u00e9nerg\u00e9tique industrielle : les outils du management de l'\u00e9nergie","isPartOf":{"@id":"https:\/\/www.energiency.com\/fr\/#website"},"primaryImageOfPage":{"@id":"https:\/\/www.energiency.com\/fr\/offre-efficacite-energetique-industrie\/#primaryimage"},"image":{"@id":"https:\/\/www.energiency.com\/fr\/offre-efficacite-energetique-industrie\/#primaryimage"},"thumbnailUrl":"https:\/\/www.energiency.com\/wp-content\/uploads\/2025\/07\/accueil-site-web-energiency.png","datePublished":"2021-07-06T08:31:22+00:00","dateModified":"2025-07-10T08:20:08+00:00","description":"Nos Energy Managers et Data Scientists analysent vos donn\u00e9es pour r\u00e9duire votre consommation d'\u00e9nergies et \u00e9missions CO2 : pilotez et suivez ensuite les r\u00e9sultats en temps r\u00e9el directement via notre logiciel.","breadcrumb":{"@id":"https:\/\/www.energiency.com\/fr\/offre-efficacite-energetique-industrie\/#breadcrumb"},"inLanguage":"fr-FR","potentialAction":[{"@type":"ReadAction","target":["https:\/\/www.energiency.com\/fr\/offre-efficacite-energetique-industrie\/"]}]},{"@type":"ImageObject","inLanguage":"fr-FR","@id":"https:\/\/www.energiency.com\/fr\/offre-efficacite-energetique-industrie\/#primaryimage","url":"https:\/\/www.energiency.com\/wp-content\/uploads\/2025\/07\/accueil-site-web-energiency.png","contentUrl":"https:\/\/www.energiency.com\/wp-content\/uploads\/2025\/07\/accueil-site-web-energiency.png","width":724,"height":628,"caption":"Offre plateforme Energiency monitoring \u00e9nerg\u00e9tique"},{"@type":"BreadcrumbList","@id":"https:\/\/www.energiency.com\/fr\/offre-efficacite-energetique-industrie\/#breadcrumb","itemListElement":[{"@type":"ListItem","position":1,"name":"Energiency","item":"https:\/\/www.energiency.com\/fr\/"},{"@type":"ListItem","position":2,"name":"Offre"}]},{"@type":"WebSite","@id":"https:\/\/www.energiency.com\/fr\/#website","url":"https:\/\/www.energiency.com\/fr\/","name":"Energiency","description":"","potentialAction":[{"@type":"SearchAction","target":{"@type":"EntryPoint","urlTemplate":"https:\/\/www.energiency.com\/fr\/?s={search_term_string}"},"query-input":{"@type":"PropertyValueSpecification","valueRequired":true,"valueName":"search_term_string"}}],"inLanguage":"fr-FR"}]}},"_links":{"self":[{"href":"https:\/\/www.energiency.com\/fr\/wp-json\/wp\/v2\/pages\/2279","targetHints":{"allow":["GET"]}}],"collection":[{"href":"https:\/\/www.energiency.com\/fr\/wp-json\/wp\/v2\/pages"}],"about":[{"href":"https:\/\/www.energiency.com\/fr\/wp-json\/wp\/v2\/types\/page"}],"author":[{"embeddable":true,"href":"https:\/\/www.energiency.com\/fr\/wp-json\/wp\/v2\/users\/6"}],"replies":[{"embeddable":true,"href":"https:\/\/www.energiency.com\/fr\/wp-json\/wp\/v2\/comments?post=2279"}],"version-history":[{"count":2,"href":"https:\/\/www.energiency.com\/fr\/wp-json\/wp\/v2\/pages\/2279\/revisions"}],"predecessor-version":[{"id":7510,"href":"https:\/\/www.energiency.com\/fr\/wp-json\/wp\/v2\/pages\/2279\/revisions\/7510"}],"wp:featuredmedia":[{"embeddable":true,"href":"https:\/\/www.energiency.com\/fr\/wp-json\/wp\/v2\/media\/7518"}],"wp:attachment":[{"href":"https:\/\/www.energiency.com\/fr\/wp-json\/wp\/v2\/media?parent=2279"}],"curies":[{"name":"wp","href":"https:\/\/api.w.org\/{rel}","templated":true}]}}