{"id":2199,"date":"2021-06-23T17:11:06","date_gmt":"2021-06-23T15:11:06","guid":{"rendered":"https:\/\/www.energiency.com\/?page_id=2199"},"modified":"2025-11-19T10:21:09","modified_gmt":"2025-11-19T09:21:09","slug":"societe","status":"publish","type":"page","link":"https:\/\/www.energiency.com\/fr\/societe\/","title":{"rendered":"Soci\u00e9t\u00e9"},"content":{"rendered":"","protected":false},"excerpt":{"rendered":"","protected":false},"author":6,"featured_media":3154,"parent":0,"menu_order":0,"comment_status":"closed","ping_status":"closed","template":"page-about.php","meta":{"_acf_changed":false,"footnotes":""},"class_list":["post-2199","page","type-page","status-publish","has-post-thumbnail","hentry"],"acf":[],"yoast_head":"<!-- This site is optimized with the Yoast SEO plugin v24.3 - https:\/\/yoast.com\/wordpress\/plugins\/seo\/ -->\n<title>L&#039;efficience \u00e9nerg\u00e9tique \u00e0 la port\u00e9e des industries 4.0 gr\u00e2ce au logiciel et l&#039;IA d&#039;Energiency<\/title>\n<meta name=\"description\" content=\"La consommation de l&#039;\u00e9nergie en industrie n&#039;a jamais \u00e9t\u00e9 aussi simple \u00e0 optimiser avec Energiency, une solution logicielle qui repose avant tout sur l&#039;intelligence artificielle.\" \/>\n<meta name=\"robots\" content=\"index, follow, max-snippet:-1, max-image-preview:large, max-video-preview:-1\" \/>\n<link rel=\"canonical\" href=\"https:\/\/www.energiency.com\/fr\/societe\/\" \/>\n<meta property=\"og:locale\" content=\"fr_FR\" \/>\n<meta property=\"og:type\" content=\"article\" \/>\n<meta property=\"og:title\" content=\"L&#039;efficience \u00e9nerg\u00e9tique \u00e0 la port\u00e9e des industries 4.0 gr\u00e2ce au logiciel et l&#039;IA d&#039;Energiency\" \/>\n<meta property=\"og:description\" content=\"La consommation de l&#039;\u00e9nergie en industrie n&#039;a jamais \u00e9t\u00e9 aussi simple \u00e0 optimiser avec Energiency, une solution logicielle qui repose avant tout sur l&#039;intelligence artificielle.\" \/>\n<meta property=\"og:url\" content=\"https:\/\/www.energiency.com\/fr\/societe\/\" \/>\n<meta property=\"og:site_name\" content=\"Energiency\" \/>\n<meta property=\"article:modified_time\" content=\"2025-11-19T09:21:09+00:00\" \/>\n<meta property=\"og:image\" content=\"https:\/\/www.energiency.com\/wp-content\/uploads\/2021\/08\/decarbonation-industrie-768x768.png\" \/>\n\t<meta property=\"og:image:width\" content=\"768\" \/>\n\t<meta property=\"og:image:height\" content=\"768\" \/>\n\t<meta property=\"og:image:type\" content=\"image\/png\" \/>\n<meta name=\"twitter:card\" content=\"summary_large_image\" \/>\n<meta name=\"twitter:label1\" content=\"Dur\u00e9e de lecture estim\u00e9e\" \/>\n\t<meta name=\"twitter:data1\" content=\"1 minute\" \/>\n<script type=\"application\/ld+json\" class=\"yoast-schema-graph\">{\"@context\":\"https:\/\/schema.org\",\"@graph\":[{\"@type\":\"WebPage\",\"@id\":\"https:\/\/www.energiency.com\/fr\/societe\/\",\"url\":\"https:\/\/www.energiency.com\/fr\/societe\/\",\"name\":\"L'efficience \u00e9nerg\u00e9tique \u00e0 la port\u00e9e des industries 4.0 gr\u00e2ce au logiciel et l'IA d'Energiency\",\"isPartOf\":{\"@id\":\"https:\/\/www.energiency.com\/fr\/#website\"},\"primaryImageOfPage\":{\"@id\":\"https:\/\/www.energiency.com\/fr\/societe\/#primaryimage\"},\"image\":{\"@id\":\"https:\/\/www.energiency.com\/fr\/societe\/#primaryimage\"},\"thumbnailUrl\":\"https:\/\/www.energiency.com\/wp-content\/uploads\/2021\/08\/decarbonation-industrie.png\",\"datePublished\":\"2021-06-23T15:11:06+00:00\",\"dateModified\":\"2025-11-19T09:21:09+00:00\",\"description\":\"La consommation de l'\u00e9nergie en industrie n'a jamais \u00e9t\u00e9 aussi simple \u00e0 optimiser avec Energiency, une solution logicielle qui repose avant tout sur l'intelligence artificielle.\",\"breadcrumb\":{\"@id\":\"https:\/\/www.energiency.com\/fr\/societe\/#breadcrumb\"},\"inLanguage\":\"fr-FR\",\"potentialAction\":[{\"@type\":\"ReadAction\",\"target\":[\"https:\/\/www.energiency.com\/fr\/societe\/\"]}]},{\"@type\":\"ImageObject\",\"inLanguage\":\"fr-FR\",\"@id\":\"https:\/\/www.energiency.com\/fr\/societe\/#primaryimage\",\"url\":\"https:\/\/www.energiency.com\/wp-content\/uploads\/2021\/08\/decarbonation-industrie.png\",\"contentUrl\":\"https:\/\/www.energiency.com\/wp-content\/uploads\/2021\/08\/decarbonation-industrie.png\",\"width\":1200,\"height\":1200,\"caption\":\"Smart Industry 4.0\"},{\"@type\":\"BreadcrumbList\",\"@id\":\"https:\/\/www.energiency.com\/fr\/societe\/#breadcrumb\",\"itemListElement\":[{\"@type\":\"ListItem\",\"position\":1,\"name\":\"Energiency\",\"item\":\"https:\/\/www.energiency.com\/fr\/\"},{\"@type\":\"ListItem\",\"position\":2,\"name\":\"Soci\u00e9t\u00e9\"}]},{\"@type\":\"WebSite\",\"@id\":\"https:\/\/www.energiency.com\/fr\/#website\",\"url\":\"https:\/\/www.energiency.com\/fr\/\",\"name\":\"Energiency\",\"description\":\"\",\"potentialAction\":[{\"@type\":\"SearchAction\",\"target\":{\"@type\":\"EntryPoint\",\"urlTemplate\":\"https:\/\/www.energiency.com\/fr\/?s={search_term_string}\"},\"query-input\":{\"@type\":\"PropertyValueSpecification\",\"valueRequired\":true,\"valueName\":\"search_term_string\"}}],\"inLanguage\":\"fr-FR\"}]}<\/script>\n<!-- \/ Yoast SEO plugin. -->","yoast_head_json":{"title":"L'efficience \u00e9nerg\u00e9tique \u00e0 la port\u00e9e des industries 4.0 gr\u00e2ce au logiciel et l'IA d'Energiency","description":"La consommation de l'\u00e9nergie en industrie n'a jamais \u00e9t\u00e9 aussi simple \u00e0 optimiser avec Energiency, une solution logicielle qui repose avant tout sur l'intelligence artificielle.","robots":{"index":"index","follow":"follow","max-snippet":"max-snippet:-1","max-image-preview":"max-image-preview:large","max-video-preview":"max-video-preview:-1"},"canonical":"https:\/\/www.energiency.com\/fr\/societe\/","og_locale":"fr_FR","og_type":"article","og_title":"L'efficience \u00e9nerg\u00e9tique \u00e0 la port\u00e9e des industries 4.0 gr\u00e2ce au logiciel et l'IA d'Energiency","og_description":"La consommation de l'\u00e9nergie en industrie n'a jamais \u00e9t\u00e9 aussi simple \u00e0 optimiser avec Energiency, une solution logicielle qui repose avant tout sur l'intelligence artificielle.","og_url":"https:\/\/www.energiency.com\/fr\/societe\/","og_site_name":"Energiency","article_modified_time":"2025-11-19T09:21:09+00:00","og_image":[{"width":768,"height":768,"url":"https:\/\/www.energiency.com\/wp-content\/uploads\/2021\/08\/decarbonation-industrie-768x768.png","type":"image\/png"}],"twitter_card":"summary_large_image","twitter_misc":{"Dur\u00e9e de lecture estim\u00e9e":"1 minute"},"schema":{"@context":"https:\/\/schema.org","@graph":[{"@type":"WebPage","@id":"https:\/\/www.energiency.com\/fr\/societe\/","url":"https:\/\/www.energiency.com\/fr\/societe\/","name":"L'efficience \u00e9nerg\u00e9tique \u00e0 la port\u00e9e des industries 4.0 gr\u00e2ce au logiciel et l'IA d'Energiency","isPartOf":{"@id":"https:\/\/www.energiency.com\/fr\/#website"},"primaryImageOfPage":{"@id":"https:\/\/www.energiency.com\/fr\/societe\/#primaryimage"},"image":{"@id":"https:\/\/www.energiency.com\/fr\/societe\/#primaryimage"},"thumbnailUrl":"https:\/\/www.energiency.com\/wp-content\/uploads\/2021\/08\/decarbonation-industrie.png","datePublished":"2021-06-23T15:11:06+00:00","dateModified":"2025-11-19T09:21:09+00:00","description":"La consommation de l'\u00e9nergie en industrie n'a jamais \u00e9t\u00e9 aussi simple \u00e0 optimiser avec Energiency, une solution logicielle qui repose avant tout sur l'intelligence artificielle.","breadcrumb":{"@id":"https:\/\/www.energiency.com\/fr\/societe\/#breadcrumb"},"inLanguage":"fr-FR","potentialAction":[{"@type":"ReadAction","target":["https:\/\/www.energiency.com\/fr\/societe\/"]}]},{"@type":"ImageObject","inLanguage":"fr-FR","@id":"https:\/\/www.energiency.com\/fr\/societe\/#primaryimage","url":"https:\/\/www.energiency.com\/wp-content\/uploads\/2021\/08\/decarbonation-industrie.png","contentUrl":"https:\/\/www.energiency.com\/wp-content\/uploads\/2021\/08\/decarbonation-industrie.png","width":1200,"height":1200,"caption":"Smart Industry 4.0"},{"@type":"BreadcrumbList","@id":"https:\/\/www.energiency.com\/fr\/societe\/#breadcrumb","itemListElement":[{"@type":"ListItem","position":1,"name":"Energiency","item":"https:\/\/www.energiency.com\/fr\/"},{"@type":"ListItem","position":2,"name":"Soci\u00e9t\u00e9"}]},{"@type":"WebSite","@id":"https:\/\/www.energiency.com\/fr\/#website","url":"https:\/\/www.energiency.com\/fr\/","name":"Energiency","description":"","potentialAction":[{"@type":"SearchAction","target":{"@type":"EntryPoint","urlTemplate":"https:\/\/www.energiency.com\/fr\/?s={search_term_string}"},"query-input":{"@type":"PropertyValueSpecification","valueRequired":true,"valueName":"search_term_string"}}],"inLanguage":"fr-FR"}]}},"_links":{"self":[{"href":"https:\/\/www.energiency.com\/fr\/wp-json\/wp\/v2\/pages\/2199","targetHints":{"allow":["GET"]}}],"collection":[{"href":"https:\/\/www.energiency.com\/fr\/wp-json\/wp\/v2\/pages"}],"about":[{"href":"https:\/\/www.energiency.com\/fr\/wp-json\/wp\/v2\/types\/page"}],"author":[{"embeddable":true,"href":"https:\/\/www.energiency.com\/fr\/wp-json\/wp\/v2\/users\/6"}],"replies":[{"embeddable":true,"href":"https:\/\/www.energiency.com\/fr\/wp-json\/wp\/v2\/comments?post=2199"}],"version-history":[{"count":7,"href":"https:\/\/www.energiency.com\/fr\/wp-json\/wp\/v2\/pages\/2199\/revisions"}],"predecessor-version":[{"id":7651,"href":"https:\/\/www.energiency.com\/fr\/wp-json\/wp\/v2\/pages\/2199\/revisions\/7651"}],"wp:featuredmedia":[{"embeddable":true,"href":"https:\/\/www.energiency.com\/fr\/wp-json\/wp\/v2\/media\/3154"}],"wp:attachment":[{"href":"https:\/\/www.energiency.com\/fr\/wp-json\/wp\/v2\/media?parent=2199"}],"curies":[{"name":"wp","href":"https:\/\/api.w.org\/{rel}","templated":true}]}}