{"id":2,"date":"2016-05-25T10:33:17","date_gmt":"2016-05-25T08:33:17","guid":{"rendered":"https:\/\/www.energiency.com\/?page_id=2"},"modified":"2025-01-29T15:25:43","modified_gmt":"2025-01-29T14:25:43","slug":"mentions-legales","status":"publish","type":"page","link":"https:\/\/www.energiency.com\/fr\/mentions-legales\/","title":{"rendered":"Mentions l\u00e9gales"},"content":{"rendered":"<h2>Editeur<\/h2>\n<p>Le site energiency.com est \u00e9dit\u00e9 par <strong>Energiency<\/strong>, Soci\u00e9t\u00e9 Anonyme, au capital social de 189 518 euros, dont le si\u00e8ge social est situ\u00e9 au 22 Avenue Jules Maniez 35000 RENNES (France) immatricul\u00e9e au Registre du Commerce et des Soci\u00e9t\u00e9s de Rennes sous le num\u00e9ro <strong>792 639 098<\/strong>, code NAF 5829C, repr\u00e9sent\u00e9e par Monsieur Arnaud Legrand, agissant en qualit\u00e9 de PDG, d\u00fbment habilit\u00e9 aux fins des pr\u00e9sentes.<\/p>\n<h2>Contact<\/h2>\n<p>T\u00e9l\u00e9phone : +33(0)9 67 59 89 54<br \/>\nURL : <a title=\"\" href=\"https:\/\/infos.energiency.com\/fr\/contact\" target=\"_blank\" rel=\"noopener noreferrer\">Contact<\/a><\/p>\n<h2>Notes l\u00e9gales<\/h2>\n<p><strong>Responsable Editeur : <\/strong>Arnaud Legrand &#8211; Energiency<br \/>\nEmail (contenu) : <span class='nospam'><a href='mailto:co&#110;tact&#64;ene&#114;&#103;&#105;&#101;&#110;c&#121;&#46;com'>co&#110;tact&#64;ene&#114;&#103;&#105;&#101;&#110;c&#121;&#46;com<\/a><\/span><\/p>\n<p><strong>Responsable technique :<\/strong> Energiency<br \/>\nEmail (content): <span class='nospam'><a href='mailto:&#99;&#111;nt&#97;ct&#64;en&#101;rgie&#110;c&#121;.&#99;&#111;&#109;'>&#99;&#111;nt&#97;ct&#64;en&#101;rgie&#110;c&#121;.&#99;&#111;&#109;<\/a><\/span><\/p>\n<h2>Conditions d&rsquo;utilisation<\/h2>\n<p><a title=\"\" href=\"https:\/\/infos.energiency.com\/fr\/contact\" target=\"_blank\" rel=\"noopener noreferrer\">www.energiency.com<\/a><\/p>\n<p><strong><br \/>\nCr\u00e9ation graphique :<\/strong><br \/>\nLionel Herard pour Web Images Associ\u00e9es<\/p>\n<p><strong> Conception, r\u00e9alisation technique :<\/strong><br \/>\nSylvain Chevallier, Antoine Tirouflet et Boris Billy pour Web Images Associ\u00e9es &#8211; <a title=\"Cr\u00e9ation Internet \u00e0 Nantes - Web Images Associ\u00e9s\" href=\"https:\/\/www.web-ia.com\/\" target=\"_self\" rel=\"noopener noreferrer\">https:\/\/www.web-ia.com<\/a><\/p>\n<p><strong> H\u00e9bergement :<\/strong><br \/>\nEnergiency<br \/>\nEmail (content): <span class='nospam'><a href='mailto:&#99;&#111;nta&#99;t&#64;&#101;&#110;&#101;&#114;gienc&#121;&#46;co&#109;'>&#99;&#111;nta&#99;t&#64;&#101;&#110;&#101;&#114;gienc&#121;&#46;co&#109;<\/a><\/span><\/p>\n<p><strong> Dispositions l\u00e9gales :<\/strong><\/p>\n<p>Les divers \u00e9l\u00e9ments du site web (forme, mise en page, fond, structure) sont prot\u00e9g\u00e9s par le droit des dessins et mod\u00e8les, le droit d&rsquo;auteur, le droit des marques ainsi que le droit \u00e0 l&rsquo;image et ils ne peuvent \u00eatre copi\u00e9s ou imit\u00e9s en tout ou partie sauf autorisation expresse de Energiency.<\/p>\n<p>Toute personne ne respectant pas les dispositions l\u00e9gales se rend coupable du d\u00e9lit de contrefa\u00e7on et est passible des sanctions p\u00e9nales pr\u00e9vues par la loi.<\/p>\n<p><strong> Droits d&rsquo;auteurs<\/strong><strong>:<\/strong><br \/>\nLe pr\u00e9sent site constitue une \u0153uvre au sens des articles L. 111.1 et suivants du Code de la propri\u00e9t\u00e9 intellectuelle. Les photographies, textes, logos, pictogrammes, ainsi que toutes \u0153uvres int\u00e9gr\u00e9es dans le site sont la propri\u00e9t\u00e9 de Energiency ou de tiers ayant autoris\u00e9 Energiency \u00e0 les utiliser. Les reproductions, les transmissions, les modifications, les r\u00e9utilisations, sur un support papier ou informatique, dudit site et des \u0153uvres qui y sont reproduites ne sont autoris\u00e9es que pour un usage personnel et priv\u00e9 conforme aux dispositions de l&rsquo;article L 122-5 du Code de la Propri\u00e9t\u00e9 Intellectuelle. Ces reproductions devront ainsi notamment indiquer clairement la source et l&rsquo;auteur du site et\/ou de ces \u0153uvres multim\u00e9dias.<\/p>\n<p>En aucun cas ces reproductions ne sauraient porter pr\u00e9judice aux droits des tiers. Les reproductions, les transmissions, les modifications, les r\u00e9utilisations \u00e0 des fins publicitaires, commerciales ou d&rsquo;information, de tout ou partie du site, sont totalement interdites.<\/p>\n<p><strong> Droit des bases de donn\u00e9es : <\/strong><br \/>\nLes bases de donn\u00e9es sont prot\u00e9g\u00e9es par la loi du 1er juillet 1998 et le r\u00e9gime fran\u00e7ais du droit d&rsquo;auteur.<\/p>\n<p>Etablissements de liens vers le site www.energiency.com :<br \/>\nEnergiency autorise la mise en place d&rsquo;un lien hypertexte vers le site www.energiency.com pour tous les sites Internet, \u00e0 l&rsquo;exclusion de ceux diffusant des informations \u00e0 caract\u00e8re pol\u00e9mique, pornographique, x\u00e9nophobe ou pouvant, dans une plus large mesure porter atteinte \u00e0 la sensibilit\u00e9 du plus grand nombre.<br \/>\nLes pages du site energiency.com ne doivent en aucun cas \u00eatre int\u00e9gr\u00e9es \u00e0 l&rsquo;int\u00e9rieur des pages d&rsquo;un autre site (Frame). Sauf autorisation sp\u00e9cifique qui pourra \u00eatre accord\u00e9e au cas par cas.<\/p>\n<p>La demande d&rsquo;\u00e9tablissement de lien hypertexte \u00e0 partir du site de Energiency, www.energiency.com doit \u00eatre faite par mail \u00e0 : <span class='nospam'><a href='mailto:&#99;onta&#99;&#116;&#64;e&#110;erg&#105;&#101;ncy.c&#111;&#109;'>&#99;onta&#99;&#116;&#64;e&#110;erg&#105;&#101;ncy.c&#111;&#109;<\/a><\/span><br \/>\nEnergiency se r\u00e9serve le droit de demander la suppression d&rsquo;un lien si elle estime que le site cible ne respecte pas les r\u00e8gles ainsi d\u00e9finies.<\/p>\n<p>Liens vers des sites tiers depuis le site www.energiency.com :<br \/>\nLes liens hypertextes mis en \u0153uvre au sein du site en direction d&rsquo;autres sites et\/ou de pages personnelles et d&rsquo;une mani\u00e8re g\u00e9n\u00e9rale vers toutes ressources existantes sur internet ne sauraient engager la responsabilit\u00e9 de Energiency quant aux liens qu&rsquo;ils contiennent ou aux changements ou mises \u00e0 jour qui leur sont apport\u00e9s.<\/p>\n<p><strong> Copyright :<\/strong><br \/>\nTous droits r\u00e9serv\u00e9s \u00a9 Energiency 2013\/2024. Toutes les pages du site energiency.com sont prot\u00e9g\u00e9es.<br \/>\nTous droits de reproduction et de diffusion r\u00e9serv\u00e9s. \u00a9 Energiency 2013\/2024.<\/p>\n<p><strong> Mise en garde g\u00e9n\u00e9rale :<\/strong><br \/>\nNos services mettent tout en \u0153uvre pour offrir aux visiteurs de ce site web des informations fiables et v\u00e9rifi\u00e9es. Cependant, malgr\u00e9 tous les soins apport\u00e9s, le site peut comporter des inexactitudes, des d\u00e9fauts de mise \u00e0 jour ou des erreurs. Nous remercions les utilisateurs du site de nous faire part d&rsquo;\u00e9ventuelles omissions, erreurs ou corrections par mail \u00e0 : <span class='nospam'><a href='mailto:&#99;ontact&#64;en&#101;&#114;gi&#101;&#110;&#99;y.c&#111;&#109;'>&#99;ontact&#64;en&#101;&#114;gi&#101;&#110;&#99;y.c&#111;&#109;<\/a><\/span><\/p>\n<p>Toutefois, les informations contenues y compris leur aspect et leurs caract\u00e9ristiques, sur le site de Energiency ne sont pas contractuelles.<\/p>\n<p>Ces informations ne constituent ni une garantie ni un engagement de la part de Energiency \u00e0 l&rsquo;\u00e9gard de tout produit ou service, Energiency d\u00e9cline toute responsabilit\u00e9, expresse ou implicite, quant \u00e0 leur compl\u00e9tude, leur exactitude ou leur ad\u00e9quation \u00e0 un but quelconque.<\/p>\n<p>Energiency d\u00e9cline toute responsabilit\u00e9 quant \u00e0 la pertinence des informations fournies et \u00e0 l&rsquo;utilisation qu&rsquo;un internaute est susceptible d&rsquo;en faire.<\/p>\n<p><a id=\"cookies\" name=\"cookies\"><\/a><strong>Cookies:<br \/>\n<\/strong>Cette rubrique \u00ab COOKIES \u00bb vous permet d\u2019en savoir plus sur l\u2019origine et l\u2019usage des informations de navigation trait\u00e9es \u00e0 l\u2019occasion de votre consultation de notre site et sur vos droits.<\/p>\n<p>Ainsi, lors de la consultation de notre site, des informations relatives \u00e0 votre navigation sont susceptibles d\u2019\u00eatre enregistr\u00e9es dans des fichiers \u00ab Cookies \u00bb install\u00e9s sur votre terminal (ordinateur, tablette, smartphone, etc.).<br \/>\nCes cookies sont \u00e9mis par nous-m\u00eames dans le but de faciliter votre navigation sur notre site. Ils peuvent \u00eatre \u00e9mis par des partenaires afin de personnaliser l\u2019offre publicitaire qui vous est adress\u00e9e en dehors de notre site.<br \/>\nSachez que seul l\u2019\u00e9metteur d\u2019un cookie est susceptible de lire ou de modifier des informations qui y sont contenues. Si vous partagez l\u2019utilisation de votre terminal avec d\u2019autres personnes, nous ne pouvons pas nous assurer de mani\u00e8re certaine que les services et publicit\u00e9s destin\u00e9s \u00e0 votre terminal correspondent bien \u00e0 votre propre utilisation de ce terminal et non \u00e0 celle d\u2019un autre utilisateur de ce terminal.<\/p>\n<p>\u2022 Les cookies que nous \u00e9mettons.<br \/>\nLes cookies que nous installons, dans votre terminal, nous permettent de reconna\u00eetre votre navigateur lorsque vous vous connectez \u00e0 notre site. Soucieux de servir nos clients au mieux, nous \u00e9mettons des cookies afin :<\/p>\n<ul>\n<li>D\u2019\u00e9tablir des statistiques de fr\u00e9quentation (nombre de visites, de pages vues, d\u2019abandon dans le processus de commande, . .) pour suivre et am\u00e9liorer la qualit\u00e9 de nos services.<\/li>\n<li>D\u2019adapter la pr\u00e9sentation de notre site aux pr\u00e9f\u00e9rences d\u2019affichage de votre terminal.<\/li>\n<li>De m\u00e9moriser des informations saisies dans nos formulaires, g\u00e9rer et s\u00e9curiser l\u2019acc\u00e8s \u00e0 des espaces r\u00e9serv\u00e9s et personnels tels que votre compte, g\u00e9rer votre commande.<\/li>\n<li>De vous fournir du contenu en rapport avec vos centres d\u2019int\u00e9r\u00eats et de personnaliser les offres que nous vous adressons.<\/li>\n<\/ul>\n<p>\u2022 Les Cookies tiers<br \/>\nLorsque vous acc\u00e9dez \u00e0 notre site internet, un ou plusieurs cookies de soci\u00e9t\u00e9s partenaires (cookies tiers) sont susceptibles d\u2019\u00eatre plac\u00e9s dans votre ordinateur via les pages de notre site.<br \/>\nL\u2019\u00e9mission et l\u2019utilisation de cookies par des tiers, sont soumises aux politiques de protection de la vie priv\u00e9e de ces tiers. Nous avons ni acc\u00e8s et ni contr\u00f4le sur les cookies tiers. Toutefois nous veillons \u00e0 ce que les soci\u00e9t\u00e9s partenaires traitent les informations collect\u00e9es sur les sites Energiency exclusivement pour les besoins de Energiency et dans le respect de la loi \u00abInformatique et Libert\u00e9s\u00bb. Nous vous informons que vous pouvez refuser les cookies tiers par un param\u00e9trage appropri\u00e9 de votre navigateur. Ces cookies sont d\u00e9pos\u00e9s par les prestataires auxquels nous faisons appel pour promouvoir nos activit\u00e9s et nos offres. Ils ont pour objet d\u2019identifier les produits consult\u00e9s ou achet\u00e9s sur notre site afin de personnaliser l\u2019offre publicitaire qui vous est adress\u00e9e en dehors des sites Energiency, de vous adresser, si vous l\u2019avez autoris\u00e9 lors de votre inscription aupr\u00e8s de ces prestataires, des offres Energiency par email.<\/p>\n<p>\u2022 Vos choix concernant les cookies<br \/>\nPlusieurs possibilit\u00e9s vous sont offertes pour g\u00e9rer les cookies. Tout param\u00e9trage que vous pouvez entreprendre sera susceptible de modifier votre navigation sur Internet et vos conditions d\u2019acc\u00e8s \u00e0 certains services n\u00e9cessitant l\u2019utilisation de Cookies. Vous pouvez exprimer et modifier \u00e0 tout moment vos souhaits en mati\u00e8re de cookies, par les moyens d\u00e9crits ci-dessous.<\/p>\n<p>\u20221\u2022 Les choix qui vous sont offerts par votre logiciel de navigation :<br \/>\nVous pouvez configurer votre logiciel de navigation de mani\u00e8re \u00e0 ce que des cookies soient enregistr\u00e9s dans votre terminal ou, au contraire, qu\u2019ils soient rejet\u00e9s, soit syst\u00e9matiquement, soit selon leur \u00e9metteur. Vous pouvez \u00e9galement configurer votre logiciel de navigation de mani\u00e8re \u00e0 ce que l\u2019acceptation ou le refus des cookies vous soient propos\u00e9s ponctuellement, avant qu\u2019un cookie soit susceptible d\u2019\u00eatre enregistr\u00e9 dans votre terminal. Nous vous informons que si votre navigateur est configur\u00e9 de mani\u00e8re \u00e0 refuser tous les cookies, vous ne pourrez pas effectuer de r\u00e9servation ou profiter de fonctions essentielles de notre site. Nous vous invitons \u00e0 param\u00e9trer votre navigateur au mieux. La configuration de chaque navigateur est diff\u00e9rente. Elle est d\u00e9crite dans le menu d\u2019aide de votre navigateur, qui vous permettra de savoir de quelle mani\u00e8re modifier vos souhaits en mati\u00e8re de cookies.<\/p>\n<p>\u20222\u2022 Vos choix exprim\u00e9s en ligne \u00e0 l&rsquo;arriv\u00e9e sur notre site web, dans le module de gestion des cookies qui s&rsquo;affiche sur le c\u00f4t\u00e9 de l&rsquo;\u00e9cran propos\u00e9 par la solution interm\u00e9diaire Axeptio. Vous pouvez accepter tous les cookies, ou choisir parmi la liste ceux que vous refusez de conserver sur votre navigateur.<\/p>\n<p>\u20223\u2022 Vos choix exprim\u00e9s en ligne aupr\u00e8s de plateformes interprofessionnelles :<br \/>\nVous pouvez vous connecter au site <a href=\"https:\/\/www.youronlinechoices.com\/fr\/\" target=\"_blank\" rel=\"noopener noreferrer\">Youronlinechoices<\/a>, propos\u00e9 par les professionnels de la publicit\u00e9 digitale regroup\u00e9s au sein de l\u2019association europ\u00e9enne EDAA (European Digital Advertising Alliance) et g\u00e9r\u00e9 en France par l\u2019Interactive Advertising Bureau France. Cette plate-forme europ\u00e9enne est partag\u00e9e par des centaines de professionnels de la publicit\u00e9 sur Internet et constitue une interface centralis\u00e9e vous permettant d\u2019exprimer votre refus ou votre acceptation des cookies utilis\u00e9s afin d\u2019adapter les publicit\u00e9s \u00e0 la navigation de votre terminal. Par ailleurs, les plateformes suivantes : IAB opt-out platform, Network Advertising Initiative opt-out platform, Digital Advertising Alliance platform, vous permettent \u00e9galement d\u2019exprimer vos choix aupr\u00e8s de tous les acteurs int\u00e9gr\u00e9s \u00e0 ces plateformes.<\/p>\n<p>Notez que cette proc\u00e9dure n\u2019emp\u00eachera pas l\u2019affichage de publicit\u00e9s sur les sites Internet que vous visitez. Elle ne bloquera que les technologies qui permettent d\u2019adapter des publicit\u00e9s \u00e0 vos centres d\u2019int\u00e9r\u00eats.<\/p>\n<p>Vous trouverez des infos compl\u00e9mentaires sur les cookies de ce site internet dans notre page : <a href=\"https:\/\/www.energiency.com\/fr\/politique-de-confidentialite\/\">Politique de confidentialit\u00e9<\/a><\/p>\n<p><strong> un site r\u00e9alis\u00e9 par : <\/strong><\/p>\n<p><a title=\"Cr\u00e9ation Internet \u00e0 Nantes - Web Images Associ\u00e9es\" href=\"https:\/\/www.web-ia.com\" target=\"_blank\" rel=\"noopener noreferrer\">Cr\u00e9ation internet \u00e0 Nantes &#8211; WEB IA<\/a><\/p>\n","protected":false},"excerpt":{"rendered":"<p>Editeur Le site energiency.com est \u00e9dit\u00e9 par Energiency, Soci\u00e9t\u00e9 Anonyme, au capital social de 189 518 euros, dont le si\u00e8ge social est situ\u00e9 au 22 Avenue Jules Maniez 35000 RENNES (France) immatricul\u00e9e au Registre du Commerce et des Soci\u00e9t\u00e9s de Rennes sous le num\u00e9ro 792 639 098, code NAF 5829C, repr\u00e9sent\u00e9e par Monsieur Arnaud Legrand, [&hellip;]<\/p>\n","protected":false},"author":6,"featured_media":3541,"parent":0,"menu_order":0,"comment_status":"closed","ping_status":"closed","template":"page-texte.php","meta":{"_acf_changed":false,"footnotes":""},"class_list":["post-2","page","type-page","status-publish","has-post-thumbnail","hentry"],"acf":[],"yoast_head":"<!-- This site is optimized with the Yoast SEO plugin v24.3 - https:\/\/yoast.com\/wordpress\/plugins\/seo\/ -->\n<title>Mentions l\u00e9gales - Energiency<\/title>\n<meta name=\"description\" content=\"Mentions l\u00e9gales du site Energiency\" \/>\n<meta name=\"robots\" content=\"noindex, follow\" \/>\n<meta property=\"og:locale\" content=\"fr_FR\" \/>\n<meta property=\"og:type\" content=\"article\" \/>\n<meta property=\"og:title\" content=\"Mentions l\u00e9gales - Energiency\" \/>\n<meta property=\"og:description\" content=\"Mentions l\u00e9gales du site Energiency\" \/>\n<meta property=\"og:url\" content=\"https:\/\/www.energiency.com\/fr\/mentions-legales\/\" \/>\n<meta property=\"og:site_name\" content=\"Energiency\" \/>\n<meta property=\"article:modified_time\" content=\"2025-01-29T14:25:43+00:00\" \/>\n<meta property=\"og:image\" content=\"https:\/\/www.energiency.com\/wp-content\/uploads\/2021\/08\/legal-notice-768x768.png\" \/>\n\t<meta property=\"og:image:width\" content=\"768\" \/>\n\t<meta property=\"og:image:height\" content=\"768\" \/>\n\t<meta property=\"og:image:type\" content=\"image\/png\" \/>\n<meta name=\"twitter:card\" content=\"summary_large_image\" \/>\n<meta name=\"twitter:label1\" content=\"Dur\u00e9e de lecture estim\u00e9e\" \/>\n\t<meta name=\"twitter:data1\" content=\"9 minutes\" \/>\n<script type=\"application\/ld+json\" class=\"yoast-schema-graph\">{\"@context\":\"https:\/\/schema.org\",\"@graph\":[{\"@type\":\"WebPage\",\"@id\":\"https:\/\/www.energiency.com\/fr\/mentions-legales\/\",\"url\":\"https:\/\/www.energiency.com\/fr\/mentions-legales\/\",\"name\":\"Mentions l\u00e9gales - Energiency\",\"isPartOf\":{\"@id\":\"https:\/\/www.energiency.com\/fr\/#website\"},\"primaryImageOfPage\":{\"@id\":\"https:\/\/www.energiency.com\/fr\/mentions-legales\/#primaryimage\"},\"image\":{\"@id\":\"https:\/\/www.energiency.com\/fr\/mentions-legales\/#primaryimage\"},\"thumbnailUrl\":\"https:\/\/www.energiency.com\/wp-content\/uploads\/2021\/08\/legal-notice.png\",\"datePublished\":\"2016-05-25T08:33:17+00:00\",\"dateModified\":\"2025-01-29T14:25:43+00:00\",\"description\":\"Mentions l\u00e9gales du site Energiency\",\"breadcrumb\":{\"@id\":\"https:\/\/www.energiency.com\/fr\/mentions-legales\/#breadcrumb\"},\"inLanguage\":\"fr-FR\",\"potentialAction\":[{\"@type\":\"ReadAction\",\"target\":[\"https:\/\/www.energiency.com\/fr\/mentions-legales\/\"]}]},{\"@type\":\"ImageObject\",\"inLanguage\":\"fr-FR\",\"@id\":\"https:\/\/www.energiency.com\/fr\/mentions-legales\/#primaryimage\",\"url\":\"https:\/\/www.energiency.com\/wp-content\/uploads\/2021\/08\/legal-notice.png\",\"contentUrl\":\"https:\/\/www.energiency.com\/wp-content\/uploads\/2021\/08\/legal-notice.png\",\"width\":1200,\"height\":1200,\"caption\":\"Legal Notice\"},{\"@type\":\"BreadcrumbList\",\"@id\":\"https:\/\/www.energiency.com\/fr\/mentions-legales\/#breadcrumb\",\"itemListElement\":[{\"@type\":\"ListItem\",\"position\":1,\"name\":\"Energiency\",\"item\":\"https:\/\/www.energiency.com\/fr\/\"},{\"@type\":\"ListItem\",\"position\":2,\"name\":\"Mentions l\u00e9gales\"}]},{\"@type\":\"WebSite\",\"@id\":\"https:\/\/www.energiency.com\/fr\/#website\",\"url\":\"https:\/\/www.energiency.com\/fr\/\",\"name\":\"Energiency\",\"description\":\"\",\"potentialAction\":[{\"@type\":\"SearchAction\",\"target\":{\"@type\":\"EntryPoint\",\"urlTemplate\":\"https:\/\/www.energiency.com\/fr\/?s={search_term_string}\"},\"query-input\":{\"@type\":\"PropertyValueSpecification\",\"valueRequired\":true,\"valueName\":\"search_term_string\"}}],\"inLanguage\":\"fr-FR\"}]}<\/script>\n<!-- \/ Yoast SEO plugin. -->","yoast_head_json":{"title":"Mentions l\u00e9gales - Energiency","description":"Mentions l\u00e9gales du site Energiency","robots":{"index":"noindex","follow":"follow"},"og_locale":"fr_FR","og_type":"article","og_title":"Mentions l\u00e9gales - Energiency","og_description":"Mentions l\u00e9gales du site Energiency","og_url":"https:\/\/www.energiency.com\/fr\/mentions-legales\/","og_site_name":"Energiency","article_modified_time":"2025-01-29T14:25:43+00:00","og_image":[{"width":768,"height":768,"url":"https:\/\/www.energiency.com\/wp-content\/uploads\/2021\/08\/legal-notice-768x768.png","type":"image\/png"}],"twitter_card":"summary_large_image","twitter_misc":{"Dur\u00e9e de lecture estim\u00e9e":"9 minutes"},"schema":{"@context":"https:\/\/schema.org","@graph":[{"@type":"WebPage","@id":"https:\/\/www.energiency.com\/fr\/mentions-legales\/","url":"https:\/\/www.energiency.com\/fr\/mentions-legales\/","name":"Mentions l\u00e9gales - Energiency","isPartOf":{"@id":"https:\/\/www.energiency.com\/fr\/#website"},"primaryImageOfPage":{"@id":"https:\/\/www.energiency.com\/fr\/mentions-legales\/#primaryimage"},"image":{"@id":"https:\/\/www.energiency.com\/fr\/mentions-legales\/#primaryimage"},"thumbnailUrl":"https:\/\/www.energiency.com\/wp-content\/uploads\/2021\/08\/legal-notice.png","datePublished":"2016-05-25T08:33:17+00:00","dateModified":"2025-01-29T14:25:43+00:00","description":"Mentions l\u00e9gales du site Energiency","breadcrumb":{"@id":"https:\/\/www.energiency.com\/fr\/mentions-legales\/#breadcrumb"},"inLanguage":"fr-FR","potentialAction":[{"@type":"ReadAction","target":["https:\/\/www.energiency.com\/fr\/mentions-legales\/"]}]},{"@type":"ImageObject","inLanguage":"fr-FR","@id":"https:\/\/www.energiency.com\/fr\/mentions-legales\/#primaryimage","url":"https:\/\/www.energiency.com\/wp-content\/uploads\/2021\/08\/legal-notice.png","contentUrl":"https:\/\/www.energiency.com\/wp-content\/uploads\/2021\/08\/legal-notice.png","width":1200,"height":1200,"caption":"Legal Notice"},{"@type":"BreadcrumbList","@id":"https:\/\/www.energiency.com\/fr\/mentions-legales\/#breadcrumb","itemListElement":[{"@type":"ListItem","position":1,"name":"Energiency","item":"https:\/\/www.energiency.com\/fr\/"},{"@type":"ListItem","position":2,"name":"Mentions l\u00e9gales"}]},{"@type":"WebSite","@id":"https:\/\/www.energiency.com\/fr\/#website","url":"https:\/\/www.energiency.com\/fr\/","name":"Energiency","description":"","potentialAction":[{"@type":"SearchAction","target":{"@type":"EntryPoint","urlTemplate":"https:\/\/www.energiency.com\/fr\/?s={search_term_string}"},"query-input":{"@type":"PropertyValueSpecification","valueRequired":true,"valueName":"search_term_string"}}],"inLanguage":"fr-FR"}]}},"_links":{"self":[{"href":"https:\/\/www.energiency.com\/fr\/wp-json\/wp\/v2\/pages\/2","targetHints":{"allow":["GET"]}}],"collection":[{"href":"https:\/\/www.energiency.com\/fr\/wp-json\/wp\/v2\/pages"}],"about":[{"href":"https:\/\/www.energiency.com\/fr\/wp-json\/wp\/v2\/types\/page"}],"author":[{"embeddable":true,"href":"https:\/\/www.energiency.com\/fr\/wp-json\/wp\/v2\/users\/6"}],"replies":[{"embeddable":true,"href":"https:\/\/www.energiency.com\/fr\/wp-json\/wp\/v2\/comments?post=2"}],"version-history":[{"count":1,"href":"https:\/\/www.energiency.com\/fr\/wp-json\/wp\/v2\/pages\/2\/revisions"}],"predecessor-version":[{"id":7067,"href":"https:\/\/www.energiency.com\/fr\/wp-json\/wp\/v2\/pages\/2\/revisions\/7067"}],"wp:featuredmedia":[{"embeddable":true,"href":"https:\/\/www.energiency.com\/fr\/wp-json\/wp\/v2\/media\/3541"}],"wp:attachment":[{"href":"https:\/\/www.energiency.com\/fr\/wp-json\/wp\/v2\/media?parent=2"}],"curies":[{"name":"wp","href":"https:\/\/api.w.org\/{rel}","templated":true}]}}