{"id":1696,"date":"2019-11-04T14:47:49","date_gmt":"2019-11-04T13:47:49","guid":{"rendered":"https:\/\/www.energiency.com\/?page_id=1696"},"modified":"2025-09-25T15:45:06","modified_gmt":"2025-09-25T13:45:06","slug":"accueil","status":"publish","type":"page","link":"https:\/\/www.energiency.com\/fr\/","title":{"rendered":"Accueil"},"content":{"rendered":"","protected":false},"excerpt":{"rendered":"","protected":false},"author":6,"featured_media":7497,"parent":0,"menu_order":0,"comment_status":"closed","ping_status":"closed","template":"","meta":{"_acf_changed":false,"footnotes":""},"class_list":["post-1696","page","type-page","status-publish","has-post-thumbnail","hentry"],"acf":[],"yoast_head":"<!-- This site is optimized with the Yoast SEO plugin v24.3 - https:\/\/yoast.com\/wordpress\/plugins\/seo\/ -->\n<title>Optimisation de la performance \u00e9nerg\u00e9tique industrielle, D\u00e9carbonation et Usines 4.0 | Energiency<\/title>\n<meta name=\"description\" content=\"Notre technologie r\u00e9unit intelligences humaine et artificielle pour permettre aux usines d&#039;\u00e9conomiser toujours plus d\u2019\u00e9nergie et de CO2 !\" \/>\n<meta name=\"robots\" content=\"index, follow, max-snippet:-1, max-image-preview:large, max-video-preview:-1\" \/>\n<link rel=\"canonical\" href=\"https:\/\/www.energiency.com\/fr\/\" \/>\n<meta property=\"og:locale\" content=\"fr_FR\" \/>\n<meta property=\"og:type\" content=\"article\" \/>\n<meta property=\"og:title\" content=\"Optimisation de la performance \u00e9nerg\u00e9tique industrielle, D\u00e9carbonation et Usines 4.0 | Energiency\" \/>\n<meta property=\"og:description\" content=\"Notre technologie r\u00e9unit intelligences humaine et artificielle pour permettre aux usines d&#039;\u00e9conomiser toujours plus d\u2019\u00e9nergie et de CO2 !\" \/>\n<meta property=\"og:url\" content=\"https:\/\/www.energiency.com\/fr\/\" \/>\n<meta property=\"og:site_name\" content=\"Energiency\" \/>\n<meta property=\"article:modified_time\" content=\"2025-09-25T13:45:06+00:00\" \/>\n<meta property=\"og:image\" content=\"https:\/\/www.energiency.com\/wp-content\/uploads\/2025\/07\/accueil-site-energiency.png\" \/>\n\t<meta property=\"og:image:width\" content=\"760\" \/>\n\t<meta property=\"og:image:height\" content=\"629\" \/>\n\t<meta property=\"og:image:type\" content=\"image\/png\" \/>\n<meta name=\"twitter:card\" content=\"summary_large_image\" \/>\n<meta name=\"twitter:label1\" content=\"Dur\u00e9e de lecture estim\u00e9e\" \/>\n\t<meta name=\"twitter:data1\" content=\"1 minute\" \/>\n<script type=\"application\/ld+json\" class=\"yoast-schema-graph\">{\"@context\":\"https:\/\/schema.org\",\"@graph\":[{\"@type\":\"WebPage\",\"@id\":\"https:\/\/www.energiency.com\/fr\/\",\"url\":\"https:\/\/www.energiency.com\/fr\/\",\"name\":\"Optimisation de la performance \u00e9nerg\u00e9tique industrielle, D\u00e9carbonation et Usines 4.0 | Energiency\",\"isPartOf\":{\"@id\":\"https:\/\/www.energiency.com\/fr\/#website\"},\"primaryImageOfPage\":{\"@id\":\"https:\/\/www.energiency.com\/fr\/#primaryimage\"},\"image\":{\"@id\":\"https:\/\/www.energiency.com\/fr\/#primaryimage\"},\"thumbnailUrl\":\"https:\/\/www.energiency.com\/wp-content\/uploads\/2025\/07\/accueil-site-energiency.png\",\"datePublished\":\"2019-11-04T13:47:49+00:00\",\"dateModified\":\"2025-09-25T13:45:06+00:00\",\"description\":\"Notre technologie r\u00e9unit intelligences humaine et artificielle pour permettre aux usines d'\u00e9conomiser toujours plus d\u2019\u00e9nergie et de CO2 !\",\"breadcrumb\":{\"@id\":\"https:\/\/www.energiency.com\/fr\/#breadcrumb\"},\"inLanguage\":\"fr-FR\",\"potentialAction\":[{\"@type\":\"ReadAction\",\"target\":[\"https:\/\/www.energiency.com\/fr\/\"]}]},{\"@type\":\"ImageObject\",\"inLanguage\":\"fr-FR\",\"@id\":\"https:\/\/www.energiency.com\/fr\/#primaryimage\",\"url\":\"https:\/\/www.energiency.com\/wp-content\/uploads\/2025\/07\/accueil-site-energiency.png\",\"contentUrl\":\"https:\/\/www.energiency.com\/wp-content\/uploads\/2025\/07\/accueil-site-energiency.png\",\"width\":760,\"height\":629,\"caption\":\"Plateforme Energiency monitoring \u00e9nerg\u00e9tique pour les industriels\"},{\"@type\":\"BreadcrumbList\",\"@id\":\"https:\/\/www.energiency.com\/fr\/#breadcrumb\",\"itemListElement\":[{\"@type\":\"ListItem\",\"position\":1,\"name\":\"Energiency\",\"item\":\"https:\/\/www.energiency.com\/fr\/\"},{\"@type\":\"ListItem\",\"position\":2,\"name\":\"Accueil\"}]},{\"@type\":\"WebSite\",\"@id\":\"https:\/\/www.energiency.com\/fr\/#website\",\"url\":\"https:\/\/www.energiency.com\/fr\/\",\"name\":\"Energiency\",\"description\":\"\",\"potentialAction\":[{\"@type\":\"SearchAction\",\"target\":{\"@type\":\"EntryPoint\",\"urlTemplate\":\"https:\/\/www.energiency.com\/fr\/?s={search_term_string}\"},\"query-input\":{\"@type\":\"PropertyValueSpecification\",\"valueRequired\":true,\"valueName\":\"search_term_string\"}}],\"inLanguage\":\"fr-FR\"}]}<\/script>\n<!-- \/ Yoast SEO plugin. -->","yoast_head_json":{"title":"Optimisation de la performance \u00e9nerg\u00e9tique industrielle, D\u00e9carbonation et Usines 4.0 | Energiency","description":"Notre technologie r\u00e9unit intelligences humaine et artificielle pour permettre aux usines d'\u00e9conomiser toujours plus d\u2019\u00e9nergie et de CO2 !","robots":{"index":"index","follow":"follow","max-snippet":"max-snippet:-1","max-image-preview":"max-image-preview:large","max-video-preview":"max-video-preview:-1"},"canonical":"https:\/\/www.energiency.com\/fr\/","og_locale":"fr_FR","og_type":"article","og_title":"Optimisation de la performance \u00e9nerg\u00e9tique industrielle, D\u00e9carbonation et Usines 4.0 | Energiency","og_description":"Notre technologie r\u00e9unit intelligences humaine et artificielle pour permettre aux usines d'\u00e9conomiser toujours plus d\u2019\u00e9nergie et de CO2 !","og_url":"https:\/\/www.energiency.com\/fr\/","og_site_name":"Energiency","article_modified_time":"2025-09-25T13:45:06+00:00","og_image":[{"width":760,"height":629,"url":"https:\/\/www.energiency.com\/wp-content\/uploads\/2025\/07\/accueil-site-energiency.png","type":"image\/png"}],"twitter_card":"summary_large_image","twitter_misc":{"Dur\u00e9e de lecture estim\u00e9e":"1 minute"},"schema":{"@context":"https:\/\/schema.org","@graph":[{"@type":"WebPage","@id":"https:\/\/www.energiency.com\/fr\/","url":"https:\/\/www.energiency.com\/fr\/","name":"Optimisation de la performance \u00e9nerg\u00e9tique industrielle, D\u00e9carbonation et Usines 4.0 | Energiency","isPartOf":{"@id":"https:\/\/www.energiency.com\/fr\/#website"},"primaryImageOfPage":{"@id":"https:\/\/www.energiency.com\/fr\/#primaryimage"},"image":{"@id":"https:\/\/www.energiency.com\/fr\/#primaryimage"},"thumbnailUrl":"https:\/\/www.energiency.com\/wp-content\/uploads\/2025\/07\/accueil-site-energiency.png","datePublished":"2019-11-04T13:47:49+00:00","dateModified":"2025-09-25T13:45:06+00:00","description":"Notre technologie r\u00e9unit intelligences humaine et artificielle pour permettre aux usines d'\u00e9conomiser toujours plus d\u2019\u00e9nergie et de CO2 !","breadcrumb":{"@id":"https:\/\/www.energiency.com\/fr\/#breadcrumb"},"inLanguage":"fr-FR","potentialAction":[{"@type":"ReadAction","target":["https:\/\/www.energiency.com\/fr\/"]}]},{"@type":"ImageObject","inLanguage":"fr-FR","@id":"https:\/\/www.energiency.com\/fr\/#primaryimage","url":"https:\/\/www.energiency.com\/wp-content\/uploads\/2025\/07\/accueil-site-energiency.png","contentUrl":"https:\/\/www.energiency.com\/wp-content\/uploads\/2025\/07\/accueil-site-energiency.png","width":760,"height":629,"caption":"Plateforme Energiency monitoring \u00e9nerg\u00e9tique pour les industriels"},{"@type":"BreadcrumbList","@id":"https:\/\/www.energiency.com\/fr\/#breadcrumb","itemListElement":[{"@type":"ListItem","position":1,"name":"Energiency","item":"https:\/\/www.energiency.com\/fr\/"},{"@type":"ListItem","position":2,"name":"Accueil"}]},{"@type":"WebSite","@id":"https:\/\/www.energiency.com\/fr\/#website","url":"https:\/\/www.energiency.com\/fr\/","name":"Energiency","description":"","potentialAction":[{"@type":"SearchAction","target":{"@type":"EntryPoint","urlTemplate":"https:\/\/www.energiency.com\/fr\/?s={search_term_string}"},"query-input":{"@type":"PropertyValueSpecification","valueRequired":true,"valueName":"search_term_string"}}],"inLanguage":"fr-FR"}]}},"_links":{"self":[{"href":"https:\/\/www.energiency.com\/fr\/wp-json\/wp\/v2\/pages\/1696","targetHints":{"allow":["GET"]}}],"collection":[{"href":"https:\/\/www.energiency.com\/fr\/wp-json\/wp\/v2\/pages"}],"about":[{"href":"https:\/\/www.energiency.com\/fr\/wp-json\/wp\/v2\/types\/page"}],"author":[{"embeddable":true,"href":"https:\/\/www.energiency.com\/fr\/wp-json\/wp\/v2\/users\/6"}],"replies":[{"embeddable":true,"href":"https:\/\/www.energiency.com\/fr\/wp-json\/wp\/v2\/comments?post=1696"}],"version-history":[{"count":9,"href":"https:\/\/www.energiency.com\/fr\/wp-json\/wp\/v2\/pages\/1696\/revisions"}],"predecessor-version":[{"id":7605,"href":"https:\/\/www.energiency.com\/fr\/wp-json\/wp\/v2\/pages\/1696\/revisions\/7605"}],"wp:featuredmedia":[{"embeddable":true,"href":"https:\/\/www.energiency.com\/fr\/wp-json\/wp\/v2\/media\/7497"}],"wp:attachment":[{"href":"https:\/\/www.energiency.com\/fr\/wp-json\/wp\/v2\/media?parent=1696"}],"curies":[{"name":"wp","href":"https:\/\/api.w.org\/{rel}","templated":true}]}}