{"id":6234,"date":"2023-11-17T16:13:19","date_gmt":"2023-11-17T15:13:19","guid":{"rendered":"https:\/\/www.energiency.com\/oferta\/"},"modified":"2025-07-10T10:19:09","modified_gmt":"2025-07-10T08:19:09","slug":"oferta-eficiencia-energetica-industria","status":"publish","type":"page","link":"https:\/\/www.energiency.com\/es\/oferta-eficiencia-energetica-industria\/","title":{"rendered":"Oferta"},"content":{"rendered":"","protected":false},"excerpt":{"rendered":"","protected":false},"author":6,"featured_media":7516,"parent":0,"menu_order":0,"comment_status":"closed","ping_status":"closed","template":"page-offres.php","meta":{"_acf_changed":false,"footnotes":""},"class_list":["post-6234","page","type-page","status-publish","has-post-thumbnail","hentry"],"acf":[],"yoast_head":"<!-- This site is optimized with the Yoast SEO plugin v24.3 - https:\/\/yoast.com\/wordpress\/plugins\/seo\/ -->\n<title>An\u00e1lisis y supervisi\u00f3n del rendimiento energ\u00e9tico industrial: herramientas de gesti\u00f3n de la energ\u00eda<\/title>\n<meta name=\"description\" content=\"Nuestros Energy Managers y Data Scientists analizan sus datos para reducir el consumo de energ\u00eda y las emisiones de CO2: a continuaci\u00f3n, gestionan y supervisan los resultados en tiempo real directamente a trav\u00e9s de nuestro software.\" \/>\n<meta name=\"robots\" content=\"index, follow, max-snippet:-1, max-image-preview:large, max-video-preview:-1\" \/>\n<link rel=\"canonical\" href=\"https:\/\/www.energiency.com\/es\/oferta-eficiencia-energetica-industria\/\" \/>\n<meta property=\"og:locale\" content=\"es_ES\" \/>\n<meta property=\"og:type\" content=\"article\" \/>\n<meta property=\"og:title\" content=\"An\u00e1lisis y supervisi\u00f3n del rendimiento energ\u00e9tico industrial: herramientas de gesti\u00f3n de la energ\u00eda\" \/>\n<meta property=\"og:description\" content=\"Nuestros Energy Managers y Data Scientists analizan sus datos para reducir el consumo de energ\u00eda y las emisiones de CO2: a continuaci\u00f3n, gestionan y supervisan los resultados en tiempo real directamente a trav\u00e9s de nuestro software.\" \/>\n<meta property=\"og:url\" content=\"https:\/\/www.energiency.com\/es\/oferta-eficiencia-energetica-industria\/\" \/>\n<meta property=\"og:site_name\" content=\"Energiency\" \/>\n<meta property=\"article:modified_time\" content=\"2025-07-10T08:19:09+00:00\" \/>\n<meta property=\"og:image\" content=\"https:\/\/www.energiency.com\/wp-content\/uploads\/2025\/07\/accueil-site-web-energiency.png\" \/>\n\t<meta property=\"og:image:width\" content=\"724\" \/>\n\t<meta property=\"og:image:height\" content=\"628\" \/>\n\t<meta property=\"og:image:type\" content=\"image\/png\" \/>\n<meta name=\"twitter:card\" content=\"summary_large_image\" \/>\n<meta name=\"twitter:label1\" content=\"Tiempo de lectura\" \/>\n\t<meta name=\"twitter:data1\" content=\"1 minuto\" \/>\n<script type=\"application\/ld+json\" class=\"yoast-schema-graph\">{\"@context\":\"https:\/\/schema.org\",\"@graph\":[{\"@type\":\"WebPage\",\"@id\":\"https:\/\/www.energiency.com\/es\/oferta-eficiencia-energetica-industria\/\",\"url\":\"https:\/\/www.energiency.com\/es\/oferta-eficiencia-energetica-industria\/\",\"name\":\"An\u00e1lisis y supervisi\u00f3n del rendimiento energ\u00e9tico industrial: herramientas de gesti\u00f3n de la energ\u00eda\",\"isPartOf\":{\"@id\":\"https:\/\/www.energiency.com\/es\/#website\"},\"primaryImageOfPage\":{\"@id\":\"https:\/\/www.energiency.com\/es\/oferta-eficiencia-energetica-industria\/#primaryimage\"},\"image\":{\"@id\":\"https:\/\/www.energiency.com\/es\/oferta-eficiencia-energetica-industria\/#primaryimage\"},\"thumbnailUrl\":\"https:\/\/www.energiency.com\/wp-content\/uploads\/2025\/07\/accueil-site-web-energiency.png\",\"datePublished\":\"2023-11-17T15:13:19+00:00\",\"dateModified\":\"2025-07-10T08:19:09+00:00\",\"description\":\"Nuestros Energy Managers y Data Scientists analizan sus datos para reducir el consumo de energ\u00eda y las emisiones de CO2: a continuaci\u00f3n, gestionan y supervisan los resultados en tiempo real directamente a trav\u00e9s de nuestro software.\",\"breadcrumb\":{\"@id\":\"https:\/\/www.energiency.com\/es\/oferta-eficiencia-energetica-industria\/#breadcrumb\"},\"inLanguage\":\"es\",\"potentialAction\":[{\"@type\":\"ReadAction\",\"target\":[\"https:\/\/www.energiency.com\/es\/oferta-eficiencia-energetica-industria\/\"]}]},{\"@type\":\"ImageObject\",\"inLanguage\":\"es\",\"@id\":\"https:\/\/www.energiency.com\/es\/oferta-eficiencia-energetica-industria\/#primaryimage\",\"url\":\"https:\/\/www.energiency.com\/wp-content\/uploads\/2025\/07\/accueil-site-web-energiency.png\",\"contentUrl\":\"https:\/\/www.energiency.com\/wp-content\/uploads\/2025\/07\/accueil-site-web-energiency.png\",\"width\":724,\"height\":628,\"caption\":\"Offre plateforme Energiency monitoring \u00e9nerg\u00e9tique\"},{\"@type\":\"BreadcrumbList\",\"@id\":\"https:\/\/www.energiency.com\/es\/oferta-eficiencia-energetica-industria\/#breadcrumb\",\"itemListElement\":[{\"@type\":\"ListItem\",\"position\":1,\"name\":\"Energiency\",\"item\":\"https:\/\/www.energiency.com\/es\/\"},{\"@type\":\"ListItem\",\"position\":2,\"name\":\"Oferta\"}]},{\"@type\":\"WebSite\",\"@id\":\"https:\/\/www.energiency.com\/es\/#website\",\"url\":\"https:\/\/www.energiency.com\/es\/\",\"name\":\"Energiency\",\"description\":\"\",\"potentialAction\":[{\"@type\":\"SearchAction\",\"target\":{\"@type\":\"EntryPoint\",\"urlTemplate\":\"https:\/\/www.energiency.com\/es\/?s={search_term_string}\"},\"query-input\":{\"@type\":\"PropertyValueSpecification\",\"valueRequired\":true,\"valueName\":\"search_term_string\"}}],\"inLanguage\":\"es\"}]}<\/script>\n<!-- \/ Yoast SEO plugin. -->","yoast_head_json":{"title":"An\u00e1lisis y supervisi\u00f3n del rendimiento energ\u00e9tico industrial: herramientas de gesti\u00f3n de la energ\u00eda","description":"Nuestros Energy Managers y Data Scientists analizan sus datos para reducir el consumo de energ\u00eda y las emisiones de CO2: a continuaci\u00f3n, gestionan y supervisan los resultados en tiempo real directamente a trav\u00e9s de nuestro software.","robots":{"index":"index","follow":"follow","max-snippet":"max-snippet:-1","max-image-preview":"max-image-preview:large","max-video-preview":"max-video-preview:-1"},"canonical":"https:\/\/www.energiency.com\/es\/oferta-eficiencia-energetica-industria\/","og_locale":"es_ES","og_type":"article","og_title":"An\u00e1lisis y supervisi\u00f3n del rendimiento energ\u00e9tico industrial: herramientas de gesti\u00f3n de la energ\u00eda","og_description":"Nuestros Energy Managers y Data Scientists analizan sus datos para reducir el consumo de energ\u00eda y las emisiones de CO2: a continuaci\u00f3n, gestionan y supervisan los resultados en tiempo real directamente a trav\u00e9s de nuestro software.","og_url":"https:\/\/www.energiency.com\/es\/oferta-eficiencia-energetica-industria\/","og_site_name":"Energiency","article_modified_time":"2025-07-10T08:19:09+00:00","og_image":[{"width":724,"height":628,"url":"https:\/\/www.energiency.com\/wp-content\/uploads\/2025\/07\/accueil-site-web-energiency.png","type":"image\/png"}],"twitter_card":"summary_large_image","twitter_misc":{"Tiempo de lectura":"1 minuto"},"schema":{"@context":"https:\/\/schema.org","@graph":[{"@type":"WebPage","@id":"https:\/\/www.energiency.com\/es\/oferta-eficiencia-energetica-industria\/","url":"https:\/\/www.energiency.com\/es\/oferta-eficiencia-energetica-industria\/","name":"An\u00e1lisis y supervisi\u00f3n del rendimiento energ\u00e9tico industrial: herramientas de gesti\u00f3n de la energ\u00eda","isPartOf":{"@id":"https:\/\/www.energiency.com\/es\/#website"},"primaryImageOfPage":{"@id":"https:\/\/www.energiency.com\/es\/oferta-eficiencia-energetica-industria\/#primaryimage"},"image":{"@id":"https:\/\/www.energiency.com\/es\/oferta-eficiencia-energetica-industria\/#primaryimage"},"thumbnailUrl":"https:\/\/www.energiency.com\/wp-content\/uploads\/2025\/07\/accueil-site-web-energiency.png","datePublished":"2023-11-17T15:13:19+00:00","dateModified":"2025-07-10T08:19:09+00:00","description":"Nuestros Energy Managers y Data Scientists analizan sus datos para reducir el consumo de energ\u00eda y las emisiones de CO2: a continuaci\u00f3n, gestionan y supervisan los resultados en tiempo real directamente a trav\u00e9s de nuestro software.","breadcrumb":{"@id":"https:\/\/www.energiency.com\/es\/oferta-eficiencia-energetica-industria\/#breadcrumb"},"inLanguage":"es","potentialAction":[{"@type":"ReadAction","target":["https:\/\/www.energiency.com\/es\/oferta-eficiencia-energetica-industria\/"]}]},{"@type":"ImageObject","inLanguage":"es","@id":"https:\/\/www.energiency.com\/es\/oferta-eficiencia-energetica-industria\/#primaryimage","url":"https:\/\/www.energiency.com\/wp-content\/uploads\/2025\/07\/accueil-site-web-energiency.png","contentUrl":"https:\/\/www.energiency.com\/wp-content\/uploads\/2025\/07\/accueil-site-web-energiency.png","width":724,"height":628,"caption":"Offre plateforme Energiency monitoring \u00e9nerg\u00e9tique"},{"@type":"BreadcrumbList","@id":"https:\/\/www.energiency.com\/es\/oferta-eficiencia-energetica-industria\/#breadcrumb","itemListElement":[{"@type":"ListItem","position":1,"name":"Energiency","item":"https:\/\/www.energiency.com\/es\/"},{"@type":"ListItem","position":2,"name":"Oferta"}]},{"@type":"WebSite","@id":"https:\/\/www.energiency.com\/es\/#website","url":"https:\/\/www.energiency.com\/es\/","name":"Energiency","description":"","potentialAction":[{"@type":"SearchAction","target":{"@type":"EntryPoint","urlTemplate":"https:\/\/www.energiency.com\/es\/?s={search_term_string}"},"query-input":{"@type":"PropertyValueSpecification","valueRequired":true,"valueName":"search_term_string"}}],"inLanguage":"es"}]}},"_links":{"self":[{"href":"https:\/\/www.energiency.com\/es\/wp-json\/wp\/v2\/pages\/6234","targetHints":{"allow":["GET"]}}],"collection":[{"href":"https:\/\/www.energiency.com\/es\/wp-json\/wp\/v2\/pages"}],"about":[{"href":"https:\/\/www.energiency.com\/es\/wp-json\/wp\/v2\/types\/page"}],"author":[{"embeddable":true,"href":"https:\/\/www.energiency.com\/es\/wp-json\/wp\/v2\/users\/6"}],"replies":[{"embeddable":true,"href":"https:\/\/www.energiency.com\/es\/wp-json\/wp\/v2\/comments?post=6234"}],"version-history":[{"count":1,"href":"https:\/\/www.energiency.com\/es\/wp-json\/wp\/v2\/pages\/6234\/revisions"}],"predecessor-version":[{"id":7521,"href":"https:\/\/www.energiency.com\/es\/wp-json\/wp\/v2\/pages\/6234\/revisions\/7521"}],"wp:featuredmedia":[{"embeddable":true,"href":"https:\/\/www.energiency.com\/es\/wp-json\/wp\/v2\/media\/7516"}],"wp:attachment":[{"href":"https:\/\/www.energiency.com\/es\/wp-json\/wp\/v2\/media?parent=6234"}],"curies":[{"name":"wp","href":"https:\/\/api.w.org\/{rel}","templated":true}]}}