{"id":3547,"date":"2021-08-19T18:10:14","date_gmt":"2021-08-19T16:10:14","guid":{"rendered":"https:\/\/www.energiency.com\/impressum\/"},"modified":"2024-06-04T11:56:26","modified_gmt":"2024-06-04T09:56:26","slug":"impressum","status":"publish","type":"page","link":"https:\/\/www.energiency.com\/de\/impressum\/","title":{"rendered":"Impressum"},"content":{"rendered":"<p><strong>Dienstanbieter<\/strong>: Energiency<\/p>\n<p><strong>Postanschrift<\/strong>:<\/p>\n<p>Herausgeber der Energiency-Website ist die Energiency S.A.S. mit einem Grundkapital von 117.936,00 \u20ac und Sitz in Frankreich, 22 Avenue Jules Maniez in 35 000 Rennes.<\/p>\n<p>Telefon: +33 9 67 59 89 54<br \/>\nE-Mail:\u00a0 <span class='nospam'><a href='mailto:&#99;&#111;n&#116;&#97;c&#116;&#64;&#101;&#110;&#101;rg&#105;ency&#46;co&#109;'>&#99;&#111;n&#116;&#97;c&#116;&#64;&#101;&#110;&#101;rg&#105;ency&#46;co&#109;<\/a><\/span><\/p>\n<p><a href=\"https:\/\/infos.energiency.com\/de\/kontakt\">Link zur elektronischen Kontaktaufnahme<\/a><\/p>\n<p>Gesch\u00e4ftsf\u00fchrung: Arnaud Legrand, CEO<\/p>\n<div>Die Website\u00a0<a href=\"https:\/\/www.energiency.com\/de\/\" target=\"_blank\" rel=\"noopener\" data-saferedirecturl=\"https:\/\/www.google.com\/url?q=https:\/\/www.energiency.com&amp;source=gmail&amp;ust=1631861381698000&amp;usg=AFQjCNHAv4JnMdy9kgoPqZCk_JHRtJr5TQ\">energiency.com<\/a>\u00a0wird von Energiency, Soci\u00e9t\u00e9 Anonyme, mit einem Stammkapital von 189.518 Euro und Sitz in der Avenue Jules Maniez 22 35000 RENNES im im Handels- und Gesellschaftsregister Rennes unter der Nummer 792 639 098, vertreten durch Herrn Arnaud Legrand als CEO, ordnungsgem\u00e4\u00df bevollm\u00e4chtigt f\u00fcr die Zwecke dieser Vereinbarung,\u00a0eingetragen.<\/div>\n<p>Plattform der EU-Kommission zur Online-Streitbeilegung:<br \/>\nhttp:\/\/www.ec.europa.eu\/consumers\/odr<\/p>\n","protected":false},"excerpt":{"rendered":"<p>Dienstanbieter: Energiency Postanschrift: Herausgeber der Energiency-Website ist die Energiency S.A.S. mit einem Grundkapital von 117.936,00 \u20ac und Sitz in Frankreich, 22 Avenue Jules Maniez in 35 000 Rennes. Telefon: +33 9 67 59 89 54 E-Mail:\u00a0 Link zur elektronischen Kontaktaufnahme Gesch\u00e4ftsf\u00fchrung: Arnaud Legrand, CEO Die Website\u00a0energiency.com\u00a0wird von Energiency, Soci\u00e9t\u00e9 Anonyme, mit einem Stammkapital von 189.518 [&hellip;]<\/p>\n","protected":false},"author":6,"featured_media":3543,"parent":0,"menu_order":0,"comment_status":"closed","ping_status":"closed","template":"page-texte.php","meta":{"_acf_changed":false,"footnotes":""},"class_list":["post-3547","page","type-page","status-publish","has-post-thumbnail","hentry"],"acf":[],"yoast_head":"<!-- This site is optimized with the Yoast SEO plugin v24.3 - https:\/\/yoast.com\/wordpress\/plugins\/seo\/ -->\n<title>Impressum - Energiency<\/title>\n<meta name=\"description\" content=\"Impressum Energiency\" \/>\n<meta name=\"robots\" content=\"noindex, follow\" \/>\n<meta property=\"og:locale\" content=\"de_DE\" \/>\n<meta property=\"og:type\" content=\"article\" \/>\n<meta property=\"og:title\" content=\"Impressum - Energiency\" \/>\n<meta property=\"og:description\" content=\"Impressum Energiency\" \/>\n<meta property=\"og:url\" content=\"https:\/\/www.energiency.com\/de\/impressum\/\" \/>\n<meta property=\"og:site_name\" content=\"Energiency\" \/>\n<meta property=\"article:modified_time\" content=\"2024-06-04T09:56:26+00:00\" \/>\n<meta property=\"og:image\" content=\"https:\/\/www.energiency.com\/wp-content\/uploads\/2021\/08\/legal-notice-768x768.png\" \/>\n\t<meta property=\"og:image:width\" content=\"768\" \/>\n\t<meta property=\"og:image:height\" content=\"768\" \/>\n\t<meta property=\"og:image:type\" content=\"image\/png\" \/>\n<meta name=\"twitter:card\" content=\"summary_large_image\" \/>\n<meta name=\"twitter:label1\" content=\"Gesch\u00e4tzte Lesezeit\" \/>\n\t<meta name=\"twitter:data1\" content=\"1\u00a0Minute\" \/>\n<script type=\"application\/ld+json\" class=\"yoast-schema-graph\">{\"@context\":\"https:\/\/schema.org\",\"@graph\":[{\"@type\":\"WebPage\",\"@id\":\"https:\/\/www.energiency.com\/de\/impressum\/\",\"url\":\"https:\/\/www.energiency.com\/de\/impressum\/\",\"name\":\"Impressum - Energiency\",\"isPartOf\":{\"@id\":\"https:\/\/www.energiency.com\/de\/#website\"},\"primaryImageOfPage\":{\"@id\":\"https:\/\/www.energiency.com\/de\/impressum\/#primaryimage\"},\"image\":{\"@id\":\"https:\/\/www.energiency.com\/de\/impressum\/#primaryimage\"},\"thumbnailUrl\":\"https:\/\/www.energiency.com\/wp-content\/uploads\/2021\/08\/legal-notice.png\",\"datePublished\":\"2021-08-19T16:10:14+00:00\",\"dateModified\":\"2024-06-04T09:56:26+00:00\",\"description\":\"Impressum Energiency\",\"breadcrumb\":{\"@id\":\"https:\/\/www.energiency.com\/de\/impressum\/#breadcrumb\"},\"inLanguage\":\"de\",\"potentialAction\":[{\"@type\":\"ReadAction\",\"target\":[\"https:\/\/www.energiency.com\/de\/impressum\/\"]}]},{\"@type\":\"ImageObject\",\"inLanguage\":\"de\",\"@id\":\"https:\/\/www.energiency.com\/de\/impressum\/#primaryimage\",\"url\":\"https:\/\/www.energiency.com\/wp-content\/uploads\/2021\/08\/legal-notice.png\",\"contentUrl\":\"https:\/\/www.energiency.com\/wp-content\/uploads\/2021\/08\/legal-notice.png\",\"width\":1200,\"height\":1200,\"caption\":\"Impressum\"},{\"@type\":\"BreadcrumbList\",\"@id\":\"https:\/\/www.energiency.com\/de\/impressum\/#breadcrumb\",\"itemListElement\":[{\"@type\":\"ListItem\",\"position\":1,\"name\":\"Energiency\",\"item\":\"https:\/\/www.energiency.com\/de\/\"},{\"@type\":\"ListItem\",\"position\":2,\"name\":\"Impressum\"}]},{\"@type\":\"WebSite\",\"@id\":\"https:\/\/www.energiency.com\/de\/#website\",\"url\":\"https:\/\/www.energiency.com\/de\/\",\"name\":\"Energiency\",\"description\":\"\",\"potentialAction\":[{\"@type\":\"SearchAction\",\"target\":{\"@type\":\"EntryPoint\",\"urlTemplate\":\"https:\/\/www.energiency.com\/de\/?s={search_term_string}\"},\"query-input\":{\"@type\":\"PropertyValueSpecification\",\"valueRequired\":true,\"valueName\":\"search_term_string\"}}],\"inLanguage\":\"de\"}]}<\/script>\n<!-- \/ Yoast SEO plugin. -->","yoast_head_json":{"title":"Impressum - Energiency","description":"Impressum Energiency","robots":{"index":"noindex","follow":"follow"},"og_locale":"de_DE","og_type":"article","og_title":"Impressum - Energiency","og_description":"Impressum Energiency","og_url":"https:\/\/www.energiency.com\/de\/impressum\/","og_site_name":"Energiency","article_modified_time":"2024-06-04T09:56:26+00:00","og_image":[{"width":768,"height":768,"url":"https:\/\/www.energiency.com\/wp-content\/uploads\/2021\/08\/legal-notice-768x768.png","type":"image\/png"}],"twitter_card":"summary_large_image","twitter_misc":{"Gesch\u00e4tzte Lesezeit":"1\u00a0Minute"},"schema":{"@context":"https:\/\/schema.org","@graph":[{"@type":"WebPage","@id":"https:\/\/www.energiency.com\/de\/impressum\/","url":"https:\/\/www.energiency.com\/de\/impressum\/","name":"Impressum - Energiency","isPartOf":{"@id":"https:\/\/www.energiency.com\/de\/#website"},"primaryImageOfPage":{"@id":"https:\/\/www.energiency.com\/de\/impressum\/#primaryimage"},"image":{"@id":"https:\/\/www.energiency.com\/de\/impressum\/#primaryimage"},"thumbnailUrl":"https:\/\/www.energiency.com\/wp-content\/uploads\/2021\/08\/legal-notice.png","datePublished":"2021-08-19T16:10:14+00:00","dateModified":"2024-06-04T09:56:26+00:00","description":"Impressum Energiency","breadcrumb":{"@id":"https:\/\/www.energiency.com\/de\/impressum\/#breadcrumb"},"inLanguage":"de","potentialAction":[{"@type":"ReadAction","target":["https:\/\/www.energiency.com\/de\/impressum\/"]}]},{"@type":"ImageObject","inLanguage":"de","@id":"https:\/\/www.energiency.com\/de\/impressum\/#primaryimage","url":"https:\/\/www.energiency.com\/wp-content\/uploads\/2021\/08\/legal-notice.png","contentUrl":"https:\/\/www.energiency.com\/wp-content\/uploads\/2021\/08\/legal-notice.png","width":1200,"height":1200,"caption":"Impressum"},{"@type":"BreadcrumbList","@id":"https:\/\/www.energiency.com\/de\/impressum\/#breadcrumb","itemListElement":[{"@type":"ListItem","position":1,"name":"Energiency","item":"https:\/\/www.energiency.com\/de\/"},{"@type":"ListItem","position":2,"name":"Impressum"}]},{"@type":"WebSite","@id":"https:\/\/www.energiency.com\/de\/#website","url":"https:\/\/www.energiency.com\/de\/","name":"Energiency","description":"","potentialAction":[{"@type":"SearchAction","target":{"@type":"EntryPoint","urlTemplate":"https:\/\/www.energiency.com\/de\/?s={search_term_string}"},"query-input":{"@type":"PropertyValueSpecification","valueRequired":true,"valueName":"search_term_string"}}],"inLanguage":"de"}]}},"_links":{"self":[{"href":"https:\/\/www.energiency.com\/de\/wp-json\/wp\/v2\/pages\/3547","targetHints":{"allow":["GET"]}}],"collection":[{"href":"https:\/\/www.energiency.com\/de\/wp-json\/wp\/v2\/pages"}],"about":[{"href":"https:\/\/www.energiency.com\/de\/wp-json\/wp\/v2\/types\/page"}],"author":[{"embeddable":true,"href":"https:\/\/www.energiency.com\/de\/wp-json\/wp\/v2\/users\/6"}],"replies":[{"embeddable":true,"href":"https:\/\/www.energiency.com\/de\/wp-json\/wp\/v2\/comments?post=3547"}],"version-history":[{"count":0,"href":"https:\/\/www.energiency.com\/de\/wp-json\/wp\/v2\/pages\/3547\/revisions"}],"wp:featuredmedia":[{"embeddable":true,"href":"https:\/\/www.energiency.com\/de\/wp-json\/wp\/v2\/media\/3543"}],"wp:attachment":[{"href":"https:\/\/www.energiency.com\/de\/wp-json\/wp\/v2\/media?parent=3547"}],"curies":[{"name":"wp","href":"https:\/\/api.w.org\/{rel}","templated":true}]}}